{"id":216,"date":"2022-06-23T14:53:20","date_gmt":"2022-06-23T14:53:20","guid":{"rendered":"https:\/\/naturecantonsdelest.ca\/nce\/?page_id=216"},"modified":"2025-01-29T19:53:20","modified_gmt":"2025-01-29T19:53:20","slug":"organisation","status":"publish","type":"page","link":"https:\/\/naturecantonsdelest.ca\/nce\/organisation\/","title":{"rendered":"Notre Organisation"},"content":{"rendered":"\t\t<div data-elementor-type=\"wp-post\" data-elementor-id=\"216\" class=\"elementor elementor-216\" data-elementor-post-type=\"page\">\n\t\t\t\t\t\t<section class=\"elementor-section elementor-top-section elementor-element elementor-element-5a4bd9c elementor-section-height-min-height elementor-section-items-bottom elementor-section-boxed elementor-section-height-default\" data-id=\"5a4bd9c\" data-element_type=\"section\" data-settings=\"{&quot;background_background&quot;:&quot;classic&quot;}\">\n\t\t\t\t\t\t<div class=\"elementor-container elementor-column-gap-default\">\n\t\t\t\t\t<div class=\"elementor-column elementor-col-100 elementor-top-column elementor-element elementor-element-57a5bb0\" data-id=\"57a5bb0\" data-element_type=\"column\">\n\t\t\t<div class=\"elementor-widget-wrap elementor-element-populated\">\n\t\t\t\t\t\t<div class=\"elementor-element elementor-element-5325c74 elementor-widget elementor-widget-text-editor\" data-id=\"5325c74\" data-element_type=\"widget\" data-widget_type=\"text-editor.default\">\n\t\t\t\t<div class=\"elementor-widget-container\">\n\t\t\t\t\t\t\t\t\tNOTRE<br>\n<b>ORGANISME<\/b>\t\t\t\t\t\t\t\t<\/div>\n\t\t\t\t<\/div>\n\t\t\t\t\t<\/div>\n\t\t<\/div>\n\t\t\t\t\t<\/div>\n\t\t<\/section>\n\t\t\t\t<section class=\"elementor-section elementor-top-section elementor-element elementor-element-124a333 elementor-section-boxed elementor-section-height-default elementor-section-height-default\" data-id=\"124a333\" data-element_type=\"section\" data-settings=\"{&quot;background_background&quot;:&quot;classic&quot;}\">\n\t\t\t\t\t\t<div class=\"elementor-container elementor-column-gap-default\">\n\t\t\t\t\t<div class=\"elementor-column elementor-col-50 elementor-top-column elementor-element elementor-element-8c391ed\" data-id=\"8c391ed\" data-element_type=\"column\">\n\t\t\t<div class=\"elementor-widget-wrap elementor-element-populated\">\n\t\t\t\t\t\t<div class=\"elementor-element elementor-element-ec552b0 elementor-widget elementor-widget-heading\" data-id=\"ec552b0\" data-element_type=\"widget\" data-widget_type=\"heading.default\">\n\t\t\t\t<div class=\"elementor-widget-container\">\n\t\t\t\t\t<h2 class=\"elementor-heading-title elementor-size-default\">MISSION ET EXPERTISE<\/h2>\t\t\t\t<\/div>\n\t\t\t\t<\/div>\n\t\t\t\t<div class=\"elementor-element elementor-element-3cafc48 elementor-widget elementor-widget-text-editor\" data-id=\"3cafc48\" data-element_type=\"widget\" data-widget_type=\"text-editor.default\">\n\t\t\t\t<div class=\"elementor-widget-container\">\n\t\t\t\t\t\t\t\t\t<p>La mission de Nature Cantons-de-l&rsquo;Est (NCE) est de conserver le patrimoine naturel des Cantons-de-l\u2019Est au b\u00e9n\u00e9fice des g\u00e9n\u00e9rations actuelles et futures.<\/p><p><strong>Valeurs <br \/><\/strong><\/p><p>La mission de NCE se manifeste \u00e0 travers des valeurs qui sont au c\u0153ur de tous ses projets et toutes ses actions.<\/p><ul><li>Valeur intrins\u00e8que de la biodiversit\u00e9 et des \u00e9cosyst\u00e8mes<\/li><li>Primaut\u00e9 de la protection au sein de la conservation<\/li><li>Bien commun et int\u00e9r\u00eat public<\/li><li>\u00c9quit\u00e9 interg\u00e9n\u00e9rationnelle<\/li><li>\u00c9ducation et sensibilisation<\/li><li>Rigueur scientifique<\/li><\/ul><p><strong><br \/>Expertise<\/strong><\/p><p>L\u2019\u00e9quipe professionnelle de NCE poss\u00e8de l\u2019expertise et l\u2019\u00e9quipement requis pour remplir toute une panoplie de mandats relatifs \u00e0 sa mission, que ce soit pour le compte d\u2019instances publiques ou priv\u00e9es. La protection des milieux naturels et de la biodiversit\u00e9 qu\u2019ils renferment demeure toujours une priorit\u00e9 pour l\u2019organisme dans l\u2019ensemble de ses r\u00e9alisations.<\/p><ul><li>Caract\u00e9risation des milieux naturels \u00e0 des fins de conservation<\/li><li>Activit\u00e9 d\u2019interpr\u00e9tation de la nature et d\u2019animation<\/li><li>Mise en valeur de milieux naturels pour acc\u00e8s public<\/li><li>Restauration de milieux naturels d\u00e9grad\u00e9s<\/li><li>Compensation avec gain environnemental net<\/li><li>Recherche de financement<\/li><\/ul><p><u><strong><br \/><a href=\"https:\/\/naturecantonsdelest.ca\/nce\/conservation-milieux-naturels\/\">\u00bb Consultez la liste de nos projets<\/a><\/strong><\/u><\/p>\t\t\t\t\t\t\t\t<\/div>\n\t\t\t\t<\/div>\n\t\t\t\t\t<\/div>\n\t\t<\/div>\n\t\t\t\t<div class=\"elementor-column elementor-col-50 elementor-top-column elementor-element elementor-element-b37a236\" data-id=\"b37a236\" data-element_type=\"column\">\n\t\t\t<div class=\"elementor-widget-wrap elementor-element-populated\">\n\t\t\t\t\t\t<div class=\"elementor-element elementor-element-444cb51 elementor-widget elementor-widget-video\" data-id=\"444cb51\" data-element_type=\"widget\" data-settings=\"{&quot;youtube_url&quot;:&quot;https:\\\/\\\/www.youtube.com\\\/watch?v=aES40OA-PJ8&quot;,&quot;loop&quot;:&quot;yes&quot;,&quot;video_type&quot;:&quot;youtube&quot;,&quot;controls&quot;:&quot;yes&quot;}\" data-widget_type=\"video.default\">\n\t\t\t\t<div class=\"elementor-widget-container\">\n\t\t\t\t\t\t\t<div class=\"elementor-wrapper elementor-open-inline\">\n\t\t\t<div class=\"elementor-video\"><\/div>\t\t<\/div>\n\t\t\t\t\t\t<\/div>\n\t\t\t\t<\/div>\n\t\t\t\t<section class=\"elementor-section elementor-inner-section elementor-element elementor-element-e3a48e6 elementor-section-boxed elementor-section-height-default elementor-section-height-default\" data-id=\"e3a48e6\" data-element_type=\"section\" data-settings=\"{&quot;background_background&quot;:&quot;classic&quot;}\">\n\t\t\t\t\t\t<div class=\"elementor-container elementor-column-gap-default\">\n\t\t\t\t\t<div class=\"elementor-column elementor-col-100 elementor-inner-column elementor-element elementor-element-d7e9c5a\" data-id=\"d7e9c5a\" data-element_type=\"column\" data-settings=\"{&quot;background_background&quot;:&quot;classic&quot;}\">\n\t\t\t<div class=\"elementor-widget-wrap elementor-element-populated\">\n\t\t\t\t\t\t<div class=\"elementor-element elementor-element-9144f3a elementor-widget elementor-widget-heading\" data-id=\"9144f3a\" data-element_type=\"widget\" data-widget_type=\"heading.default\">\n\t\t\t\t<div class=\"elementor-widget-container\">\n\t\t\t\t\t<h2 class=\"elementor-heading-title elementor-size-default\">VOUS D\u00c9SIREZ FAIRE PARTIE DE L'\u00c9QUIPE?<\/h2>\t\t\t\t<\/div>\n\t\t\t\t<\/div>\n\t\t\t\t<div class=\"elementor-element elementor-element-2bc9f5a elementor-widget elementor-widget-text-editor\" data-id=\"2bc9f5a\" data-element_type=\"widget\" data-widget_type=\"text-editor.default\">\n\t\t\t\t<div class=\"elementor-widget-container\">\n\t\t\t\t\t\t\t\t\t<p><strong>Nature Cantons-de-l\u2019Est<\/strong> emploie plusieurs sp\u00e9cialit\u00e9s du domaine de <strong>la biologie et de l\u2019environnement<\/strong> dans la r\u00e9alisation de ses projets et la promotion de sa mission. Si aucune offre d\u2019emploi n\u2019est affich\u00e9e actuellement, <strong>n\u2019h\u00e9sitez pas \u00e0 nous faire parvenir votre candidature<\/strong> \u00e0 <a href=\"mailto:info@naturecantonsdelest.ca\"><span style=\"color: #ffff99;\">info@naturecantonsdelest.ca<\/span><\/a><\/p>\t\t\t\t\t\t\t\t<\/div>\n\t\t\t\t<\/div>\n\t\t\t\t\t<\/div>\n\t\t<\/div>\n\t\t\t\t\t<\/div>\n\t\t<\/section>\n\t\t\t\t\t<\/div>\n\t\t<\/div>\n\t\t\t\t\t<\/div>\n\t\t<\/section>\n\t\t\t\t<section class=\"elementor-section elementor-top-section elementor-element elementor-element-105c87e elementor-section-boxed elementor-section-height-default elementor-section-height-default\" data-id=\"105c87e\" data-element_type=\"section\">\n\t\t\t\t\t\t<div class=\"elementor-container elementor-column-gap-default\">\n\t\t\t\t\t<div class=\"elementor-column elementor-col-100 elementor-top-column elementor-element elementor-element-e9f0835\" data-id=\"e9f0835\" data-element_type=\"column\">\n\t\t\t<div class=\"elementor-widget-wrap elementor-element-populated\">\n\t\t\t\t\t\t<div class=\"elementor-element elementor-element-49d7658 elementor-widget__width-inherit elementor-widget elementor-widget-text-editor\" data-id=\"49d7658\" data-element_type=\"widget\" data-widget_type=\"text-editor.default\">\n\t\t\t\t<div class=\"elementor-widget-container\">\n\t\t\t\t\t\t\t\t\t<h6>Nature Cantons-de-L&rsquo;Est est fi\u00e8rement membre du R\u00e9seau de milieux naturels prot\u00e9g\u00e9s et de la Coalition des Mont\u00e9r\u00e9giennes.<\/h6>\t\t\t\t\t\t\t\t<\/div>\n\t\t\t\t<\/div>\n\t\t\t\t\t<\/div>\n\t\t<\/div>\n\t\t\t\t\t<\/div>\n\t\t<\/section>\n\t\t\t\t<section class=\"elementor-section elementor-top-section elementor-element elementor-element-ad7ae75 elementor-section-boxed elementor-section-height-default elementor-section-height-default\" data-id=\"ad7ae75\" data-element_type=\"section\">\n\t\t\t\t\t\t<div class=\"elementor-container elementor-column-gap-default\">\n\t\t\t\t\t<div class=\"elementor-column elementor-col-100 elementor-top-column elementor-element elementor-element-d4712db\" data-id=\"d4712db\" data-element_type=\"column\">\n\t\t\t<div class=\"elementor-widget-wrap elementor-element-populated\">\n\t\t\t\t\t\t<section class=\"elementor-section elementor-inner-section elementor-element elementor-element-dc1b1a8 elementor-section-boxed elementor-section-height-default elementor-section-height-default\" data-id=\"dc1b1a8\" data-element_type=\"section\">\n\t\t\t\t\t\t<div class=\"elementor-container elementor-column-gap-default\">\n\t\t\t\t\t<div class=\"elementor-column elementor-col-50 elementor-inner-column elementor-element elementor-element-d8e1ae9\" data-id=\"d8e1ae9\" data-element_type=\"column\">\n\t\t\t<div class=\"elementor-widget-wrap elementor-element-populated\">\n\t\t\t\t\t\t<div data-premium-element-link=\"{&quot;type&quot;:&quot;url&quot;,&quot;link&quot;:{&quot;url&quot;:&quot;https:\\\/\\\/rmnat.org\\\/&quot;,&quot;is_external&quot;:&quot;&quot;,&quot;nofollow&quot;:&quot;&quot;,&quot;custom_attributes&quot;:&quot;&quot;},&quot;href&quot;:&quot;https:\\\/\\\/rmnat.org\\\/&quot;}\" style=\"cursor: pointer\" class=\"elementor-element elementor-element-f82e80b premium-wrapper-link-yes elementor-widget elementor-widget-image\" data-id=\"f82e80b\" data-element_type=\"widget\" data-widget_type=\"image.default\">\n\t\t\t\t<div class=\"elementor-widget-container\">\n\t\t\t\t\t\t\t\t\t\t\t\t\t\t\t<img decoding=\"async\" width=\"300\" height=\"112\" src=\"https:\/\/naturecantonsdelest.ca\/nce\/wp-content\/uploads\/2025\/01\/Logo-RMN_2018-couleurs-grand-300x112.png\" class=\"attachment-medium size-medium wp-image-1398\" alt=\"\" srcset=\"https:\/\/naturecantonsdelest.ca\/nce\/wp-content\/uploads\/2025\/01\/Logo-RMN_2018-couleurs-grand-300x112.png 300w, https:\/\/naturecantonsdelest.ca\/nce\/wp-content\/uploads\/2025\/01\/Logo-RMN_2018-couleurs-grand-1024x383.png 1024w, https:\/\/naturecantonsdelest.ca\/nce\/wp-content\/uploads\/2025\/01\/Logo-RMN_2018-couleurs-grand-768x287.png 768w, https:\/\/naturecantonsdelest.ca\/nce\/wp-content\/uploads\/2025\/01\/Logo-RMN_2018-couleurs-grand-1536x574.png 1536w, https:\/\/naturecantonsdelest.ca\/nce\/wp-content\/uploads\/2025\/01\/Logo-RMN_2018-couleurs-grand-2048x766.png 2048w\" sizes=\"(max-width: 300px) 100vw, 300px\" \/>\t\t\t\t\t\t\t\t\t\t\t\t\t\t\t<\/div>\n\t\t\t\t<\/div>\n\t\t\t\t\t<\/div>\n\t\t<\/div>\n\t\t\t\t<div class=\"elementor-column elementor-col-50 elementor-inner-column elementor-element elementor-element-78c58d6\" data-id=\"78c58d6\" data-element_type=\"column\">\n\t\t\t<div class=\"elementor-widget-wrap elementor-element-populated\">\n\t\t\t\t\t\t<div data-premium-element-link=\"{&quot;type&quot;:&quot;url&quot;,&quot;link&quot;:{&quot;url&quot;:&quot;https:\\\/\\\/coalitionmonteregiennes.ca\\\/&quot;,&quot;is_external&quot;:&quot;&quot;,&quot;nofollow&quot;:&quot;&quot;,&quot;custom_attributes&quot;:&quot;&quot;},&quot;href&quot;:&quot;https:\\\/\\\/coalitionmonteregiennes.ca\\\/&quot;}\" style=\"cursor: pointer\" class=\"elementor-element elementor-element-46cc57a premium-wrapper-link-yes elementor-widget elementor-widget-image\" data-id=\"46cc57a\" data-element_type=\"widget\" data-widget_type=\"image.default\">\n\t\t\t\t<div class=\"elementor-widget-container\">\n\t\t\t\t\t\t\t\t\t\t\t\t\t\t\t<img fetchpriority=\"high\" decoding=\"async\" width=\"768\" height=\"153\" src=\"https:\/\/naturecantonsdelest.ca\/nce\/wp-content\/uploads\/2025\/01\/Logos_crop-768x153.png\" class=\"attachment-medium_large size-medium_large wp-image-1400\" alt=\"\" srcset=\"https:\/\/naturecantonsdelest.ca\/nce\/wp-content\/uploads\/2025\/01\/Logos_crop-768x153.png 768w, https:\/\/naturecantonsdelest.ca\/nce\/wp-content\/uploads\/2025\/01\/Logos_crop-300x60.png 300w, https:\/\/naturecantonsdelest.ca\/nce\/wp-content\/uploads\/2025\/01\/Logos_crop.png 871w\" sizes=\"(max-width: 768px) 100vw, 768px\" \/>\t\t\t\t\t\t\t\t\t\t\t\t\t\t\t<\/div>\n\t\t\t\t<\/div>\n\t\t\t\t\t<\/div>\n\t\t<\/div>\n\t\t\t\t\t<\/div>\n\t\t<\/section>\n\t\t\t\t\t<\/div>\n\t\t<\/div>\n\t\t\t\t\t<\/div>\n\t\t<\/section>\n\t\t\t\t<section class=\"elementor-section elementor-top-section elementor-element elementor-element-564c579 elementor-section-height-min-height elementor-section-content-middle click-child pointer elementor-section-boxed elementor-section-height-default elementor-section-items-middle\" data-id=\"564c579\" data-element_type=\"section\" data-settings=\"{&quot;background_background&quot;:&quot;slideshow&quot;,&quot;background_slideshow_gallery&quot;:[{&quot;id&quot;:167,&quot;url&quot;:&quot;https:\\\/\\\/naturecantonsdelest.ca\\\/nce\\\/wp-content\\\/uploads\\\/2022\\\/06\\\/bg-projet-mont-megantic.jpg&quot;},{&quot;id&quot;:168,&quot;url&quot;:&quot;https:\\\/\\\/naturecantonsdelest.ca\\\/nce\\\/wp-content\\\/uploads\\\/2022\\\/06\\\/bg-projet-sherbrooke.jpg&quot;},{&quot;id&quot;:173,&quot;url&quot;:&quot;https:\\\/\\\/naturecantonsdelest.ca\\\/nce\\\/wp-content\\\/uploads\\\/2022\\\/06\\\/bg-projet-johnville.jpg&quot;}],&quot;background_slideshow_loop&quot;:&quot;yes&quot;,&quot;background_slideshow_slide_duration&quot;:5000,&quot;background_slideshow_slide_transition&quot;:&quot;fade&quot;,&quot;background_slideshow_transition_duration&quot;:500}\">\n\t\t\t\t\t\t\t<div class=\"elementor-background-overlay\"><\/div>\n\t\t\t\t\t\t\t<div class=\"elementor-container elementor-column-gap-no\">\n\t\t\t\t\t<div class=\"elementor-column elementor-col-100 elementor-top-column elementor-element elementor-element-04150c6\" data-id=\"04150c6\" data-element_type=\"column\">\n\t\t\t<div class=\"elementor-widget-wrap elementor-element-populated\">\n\t\t\t\t\t\t<div class=\"elementor-element elementor-element-dbf996c elementor-widget elementor-widget-text-editor\" data-id=\"dbf996c\" data-element_type=\"widget\" data-widget_type=\"text-editor.default\">\n\t\t\t\t<div class=\"elementor-widget-container\">\n\t\t\t\t\t\t\t\t\t<p>D\u00c9COUVREZ NOS DIFF\u00c9RENTS<\/p>\t\t\t\t\t\t\t\t<\/div>\n\t\t\t\t<\/div>\n\t\t\t\t<div class=\"elementor-element elementor-element-0e0b7c3 elementor-widget elementor-widget-heading\" data-id=\"0e0b7c3\" data-element_type=\"widget\" data-widget_type=\"heading.default\">\n\t\t\t\t<div class=\"elementor-widget-container\">\n\t\t\t\t\t<h2 class=\"elementor-heading-title elementor-size-default\"><a href=\"https:\/\/naturecantonsdelest.ca\/nce\/conservation-milieux-naturels\/\">PROJETS DE CONSERVATION<\/a><\/h2>\t\t\t\t<\/div>\n\t\t\t\t<\/div>\n\t\t\t\t\t<\/div>\n\t\t<\/div>\n\t\t\t\t\t<\/div>\n\t\t<\/section>\n\t\t\t\t<\/div>\n\t\t","protected":false},"excerpt":{"rendered":"<p>NOTRE ORGANISME MISSION ET EXPERTISE La mission de Nature Cantons-de-l&rsquo;Est (NCE) est de conserver le patrimoine naturel des Cantons-de-l\u2019Est au b\u00e9n\u00e9fice des g\u00e9n\u00e9rations actuelles et futures. Valeurs La mission de NCE se manifeste \u00e0 travers des valeurs qui sont au c\u0153ur de tous ses projets et toutes ses actions. Valeur intrins\u00e8que de la biodiversit\u00e9 et [&hellip;]<\/p>\n","protected":false},"author":1,"featured_media":8,"parent":0,"menu_order":0,"comment_status":"closed","ping_status":"closed","template":"elementor_header_footer","meta":{"_monsterinsights_skip_tracking":false,"_monsterinsights_sitenote_active":false,"_monsterinsights_sitenote_note":"","_monsterinsights_sitenote_category":0,"footnotes":""},"aioseo_notices":[],"_links":{"self":[{"href":"https:\/\/naturecantonsdelest.ca\/nce\/wp-json\/wp\/v2\/pages\/216"}],"collection":[{"href":"https:\/\/naturecantonsdelest.ca\/nce\/wp-json\/wp\/v2\/pages"}],"about":[{"href":"https:\/\/naturecantonsdelest.ca\/nce\/wp-json\/wp\/v2\/types\/page"}],"author":[{"embeddable":true,"href":"https:\/\/naturecantonsdelest.ca\/nce\/wp-json\/wp\/v2\/users\/1"}],"replies":[{"embeddable":true,"href":"https:\/\/naturecantonsdelest.ca\/nce\/wp-json\/wp\/v2\/comments?post=216"}],"version-history":[{"count":41,"href":"https:\/\/naturecantonsdelest.ca\/nce\/wp-json\/wp\/v2\/pages\/216\/revisions"}],"predecessor-version":[{"id":1409,"href":"https:\/\/naturecantonsdelest.ca\/nce\/wp-json\/wp\/v2\/pages\/216\/revisions\/1409"}],"wp:featuredmedia":[{"embeddable":true,"href":"https:\/\/naturecantonsdelest.ca\/nce\/wp-json\/wp\/v2\/media\/8"}],"wp:attachment":[{"href":"https:\/\/naturecantonsdelest.ca\/nce\/wp-json\/wp\/v2\/media?parent=216"}],"curies":[{"name":"wp","href":"https:\/\/api.w.org\/{rel}","templated":true}]}}