{"id":242,"date":"2022-06-27T18:29:06","date_gmt":"2022-06-27T18:29:06","guid":{"rendered":"https:\/\/naturecantonsdelest.ca\/nce\/?page_id=242"},"modified":"2025-08-05T20:52:59","modified_gmt":"2025-08-05T20:52:59","slug":"conservation-milieux-naturels","status":"publish","type":"page","link":"https:\/\/naturecantonsdelest.ca\/nce\/conservation-milieux-naturels\/","title":{"rendered":"Conservation milieux naturels"},"content":{"rendered":"\t\t<div data-elementor-type=\"wp-post\" data-elementor-id=\"242\" class=\"elementor elementor-242\" data-elementor-post-type=\"page\">\n\t\t\t\t\t\t<section class=\"elementor-section elementor-top-section elementor-element elementor-element-5a4bd9c elementor-section-height-min-height elementor-section-items-bottom elementor-section-boxed elementor-section-height-default\" data-id=\"5a4bd9c\" data-element_type=\"section\" data-settings=\"{&quot;background_background&quot;:&quot;classic&quot;}\">\n\t\t\t\t\t\t<div class=\"elementor-container elementor-column-gap-default\">\n\t\t\t\t\t<div class=\"elementor-column elementor-col-100 elementor-top-column elementor-element elementor-element-57a5bb0\" data-id=\"57a5bb0\" data-element_type=\"column\">\n\t\t\t<div class=\"elementor-widget-wrap elementor-element-populated\">\n\t\t\t\t\t\t<div class=\"elementor-element elementor-element-5325c74 elementor-widget elementor-widget-text-editor\" data-id=\"5325c74\" data-element_type=\"widget\" data-widget_type=\"text-editor.default\">\n\t\t\t\t<div class=\"elementor-widget-container\">\n\t\t\t\t\t\t\t\t\t<p>LA <b>CONSERVATION<\/b><\/p>\t\t\t\t\t\t\t\t<\/div>\n\t\t\t\t<\/div>\n\t\t\t\t\t<\/div>\n\t\t<\/div>\n\t\t\t\t\t<\/div>\n\t\t<\/section>\n\t\t\t\t<section class=\"elementor-section elementor-top-section elementor-element elementor-element-124a333 elementor-section-boxed elementor-section-height-default elementor-section-height-default\" data-id=\"124a333\" data-element_type=\"section\" data-settings=\"{&quot;background_background&quot;:&quot;classic&quot;}\">\n\t\t\t\t\t\t<div class=\"elementor-container elementor-column-gap-default\">\n\t\t\t\t\t<div class=\"elementor-column elementor-col-100 elementor-top-column elementor-element elementor-element-8c391ed\" data-id=\"8c391ed\" data-element_type=\"column\">\n\t\t\t<div class=\"elementor-widget-wrap elementor-element-populated\">\n\t\t\t\t\t\t<div class=\"elementor-element elementor-element-ec552b0 elementor-widget elementor-widget-heading\" data-id=\"ec552b0\" data-element_type=\"widget\" data-widget_type=\"heading.default\">\n\t\t\t\t<div class=\"elementor-widget-container\">\n\t\t\t\t\t<h2 class=\"elementor-heading-title elementor-size-default\">NOS PROJETS<\/h2>\t\t\t\t<\/div>\n\t\t\t\t<\/div>\n\t\t\t\t<div class=\"elementor-element elementor-element-3cafc48 elementor-widget elementor-widget-text-editor\" data-id=\"3cafc48\" data-element_type=\"widget\" data-widget_type=\"text-editor.default\">\n\t\t\t\t<div class=\"elementor-widget-container\">\n\t\t\t\t\t\t\t\t\t<p><strong>Nature Cantons-de-l\u2019Est<\/strong> (NCE) poursuit des projets de conservation \u00e0 quelques endroits sur son territoire d\u2019action, qui couvre le haut bassin-versant de la rivi\u00e8re Saint-Fran\u00e7ois. En plus de la tourbi\u00e8re de Johnville et du ruisseau Racey qui ont men\u00e9 \u00e0 la cr\u00e9ation de l\u2019organisme, deux massifs forestiers majeurs sont cibl\u00e9s : <b>les monts Stoke et le massif montagneux du mont M\u00e9gantic<\/b>. Ces espaces ayant un couvert forestier continu offrent des habitats r\u00e9pondant aux besoins des esp\u00e8ces fauniques n\u00e9cessitant un grand domaine vital, comme l&rsquo;ours noir, le lynx roux, l&rsquo;orignal ou le p\u00e9kan. De plus, NCE est un <strong>partenaire privil\u00e9gi\u00e9 de la Ville de Sherbrooke<\/strong> en conservation des milieux naturels d\u2019int\u00e9r\u00eat sur le territoire de la Ville.&nbsp;<\/p>\n<p>Dans ses activit\u00e9s de conservation, NCE vise \u00e0 assurer, par <b>des ententes morales ou l\u00e9gales, la protection \u00e0 long terme ou \u00e0 perp\u00e9tuit\u00e9 des milieux naturels d\u2019int\u00e9r\u00eat \u00e9cologique de la r\u00e9gion des Cantons-de-l\u2019Est.<\/b> D\u2019autres approches sont aussi employ\u00e9es, comme la promotion de pratiques d\u2019utilisation des ressources naturelles compatibles avec la conservation de la biodiversit\u00e9 et des \u00e9cosyst\u00e8mes.<\/p>\t\t\t\t\t\t\t\t<\/div>\n\t\t\t\t<\/div>\n\t\t\t\t\t<\/div>\n\t\t<\/div>\n\t\t\t\t\t<\/div>\n\t\t<\/section>\n\t\t\t\t<section class=\"elementor-section elementor-top-section elementor-element elementor-element-cd9baf2 elementor-section-boxed elementor-section-height-default elementor-section-height-default\" data-id=\"cd9baf2\" data-element_type=\"section\">\n\t\t\t\t\t\t<div class=\"elementor-container elementor-column-gap-default\">\n\t\t\t\t\t<div class=\"elementor-column elementor-col-25 elementor-top-column elementor-element elementor-element-e76237a\" data-id=\"e76237a\" data-element_type=\"column\" data-settings=\"{&quot;background_background&quot;:&quot;classic&quot;}\">\n\t\t\t<div class=\"elementor-widget-wrap elementor-element-populated\">\n\t\t\t\t\t<div class=\"elementor-background-overlay\"><\/div>\n\t\t\t\t\t\t<div class=\"elementor-element elementor-element-1c51501 elementor-position-top elementor-widget elementor-widget-image-box\" data-id=\"1c51501\" data-element_type=\"widget\" data-widget_type=\"image-box.default\">\n\t\t\t\t<div class=\"elementor-widget-container\">\n\t\t\t\t\t<div class=\"elementor-image-box-wrapper\"><figure class=\"elementor-image-box-img\"><a href=\"https:\/\/naturecantonsdelest.ca\/nce\/projet-mont-megantic\/\" tabindex=\"-1\"><img fetchpriority=\"high\" decoding=\"async\" width=\"564\" height=\"334\" src=\"https:\/\/naturecantonsdelest.ca\/nce\/wp-content\/uploads\/2022\/06\/img-projet-megantic.jpg\" class=\"attachment-full size-full wp-image-250\" alt=\"projet mont megantic\" srcset=\"https:\/\/naturecantonsdelest.ca\/nce\/wp-content\/uploads\/2022\/06\/img-projet-megantic.jpg 564w, https:\/\/naturecantonsdelest.ca\/nce\/wp-content\/uploads\/2022\/06\/img-projet-megantic-300x178.jpg 300w\" sizes=\"(max-width: 564px) 100vw, 564px\" \/><\/a><\/figure><div class=\"elementor-image-box-content\"><h3 class=\"elementor-image-box-title\"><a href=\"https:\/\/naturecantonsdelest.ca\/nce\/projet-mont-megantic\/\">P\u00f4le de conservation <br> Mont M\u00e9gantic<\/a><\/h3><p class=\"elementor-image-box-description\">Le massif du mont M\u00e9gantic est situ\u00e9 \u00e0 la jonction des municipalit\u00e9s de La Patrie, Notre-Dame-des-Bois, Val-Racine et Hampden. \n<br>\n<B>D\u00e9couvrez le projet<\/b><\/p><\/div><\/div>\t\t\t\t<\/div>\n\t\t\t\t<\/div>\n\t\t\t\t\t<\/div>\n\t\t<\/div>\n\t\t\t\t<div class=\"elementor-column elementor-col-25 elementor-top-column elementor-element elementor-element-e44cbda\" data-id=\"e44cbda\" data-element_type=\"column\" data-settings=\"{&quot;background_background&quot;:&quot;classic&quot;}\">\n\t\t\t<div class=\"elementor-widget-wrap elementor-element-populated\">\n\t\t\t\t\t<div class=\"elementor-background-overlay\"><\/div>\n\t\t\t\t\t\t<div class=\"elementor-element elementor-element-24360ea elementor-position-top elementor-widget elementor-widget-image-box\" data-id=\"24360ea\" data-element_type=\"widget\" data-widget_type=\"image-box.default\">\n\t\t\t\t<div class=\"elementor-widget-container\">\n\t\t\t\t\t<div class=\"elementor-image-box-wrapper\"><figure class=\"elementor-image-box-img\"><a href=\"https:\/\/naturecantonsdelest.ca\/nce\/projet-sherbrooke\/\" tabindex=\"-1\"><img decoding=\"async\" width=\"564\" height=\"334\" src=\"https:\/\/naturecantonsdelest.ca\/nce\/wp-content\/uploads\/2022\/06\/img-projet-sherbrooke.jpg\" class=\"attachment-full size-full wp-image-251\" alt=\"Projet conservation milieux naturels Sherbrooke\" srcset=\"https:\/\/naturecantonsdelest.ca\/nce\/wp-content\/uploads\/2022\/06\/img-projet-sherbrooke.jpg 564w, https:\/\/naturecantonsdelest.ca\/nce\/wp-content\/uploads\/2022\/06\/img-projet-sherbrooke-300x178.jpg 300w\" sizes=\"(max-width: 564px) 100vw, 564px\" \/><\/a><\/figure><div class=\"elementor-image-box-content\"><h3 class=\"elementor-image-box-title\"><a href=\"https:\/\/naturecantonsdelest.ca\/nce\/projet-sherbrooke\/\">P\u00f4le de conservation <br> Sherbrooke<\/a><\/h3><p class=\"elementor-image-box-description\">Depuis 2015, la Ville de Sherbrooke et Nature Cantons-de-l\u2019Est collaborent dans la poursuite des objectifs de la ville en termes de conservation des milieux naturels par diff\u00e9rentes approches. \n<br>\n<B>D\u00e9couvrez le projet<\/b><\/p><\/div><\/div>\t\t\t\t<\/div>\n\t\t\t\t<\/div>\n\t\t\t\t\t<\/div>\n\t\t<\/div>\n\t\t\t\t<div class=\"elementor-column elementor-col-25 elementor-top-column elementor-element elementor-element-8640fa3\" data-id=\"8640fa3\" data-element_type=\"column\" data-settings=\"{&quot;background_background&quot;:&quot;classic&quot;}\">\n\t\t\t<div class=\"elementor-widget-wrap elementor-element-populated\">\n\t\t\t\t\t<div class=\"elementor-background-overlay\"><\/div>\n\t\t\t\t\t\t<div class=\"elementor-element elementor-element-cf3889c elementor-position-top elementor-widget elementor-widget-image-box\" data-id=\"cf3889c\" data-element_type=\"widget\" data-widget_type=\"image-box.default\">\n\t\t\t\t<div class=\"elementor-widget-container\">\n\t\t\t\t\t<div class=\"elementor-image-box-wrapper\"><figure class=\"elementor-image-box-img\"><a href=\"https:\/\/naturecantonsdelest.ca\/nce\/projet-monts-stoke\/\" tabindex=\"-1\"><img decoding=\"async\" width=\"300\" height=\"178\" src=\"https:\/\/naturecantonsdelest.ca\/nce\/wp-content\/uploads\/2022\/06\/img-projet-monts-stoke2-300x178.jpg\" class=\"attachment-medium size-medium wp-image-254\" alt=\"Projet conservation milieux naturels Monts Stoke\" srcset=\"https:\/\/naturecantonsdelest.ca\/nce\/wp-content\/uploads\/2022\/06\/img-projet-monts-stoke2-300x178.jpg 300w, https:\/\/naturecantonsdelest.ca\/nce\/wp-content\/uploads\/2022\/06\/img-projet-monts-stoke2.jpg 564w\" sizes=\"(max-width: 300px) 100vw, 300px\" \/><\/a><\/figure><div class=\"elementor-image-box-content\"><h3 class=\"elementor-image-box-title\"><a href=\"https:\/\/naturecantonsdelest.ca\/nce\/projet-monts-stoke\/\">P\u00f4le de conservation <br> Monts Stoke<\/a><\/h3><p class=\"elementor-image-box-description\">Le massif des monts Stoke se situe \u00e0 environ 5 km au nord-est de Sherbrooke, dans les municipalit\u00e9s de Stoke, Ascot Corner, Dudswell et Westbury. \n<br>\n<B>D\u00e9couvrez le projet<\/b><\/p><\/div><\/div>\t\t\t\t<\/div>\n\t\t\t\t<\/div>\n\t\t\t\t\t<\/div>\n\t\t<\/div>\n\t\t\t\t<div class=\"elementor-column elementor-col-25 elementor-top-column elementor-element elementor-element-dc86d0f\" data-id=\"dc86d0f\" data-element_type=\"column\" data-settings=\"{&quot;background_background&quot;:&quot;classic&quot;}\">\n\t\t\t<div class=\"elementor-widget-wrap elementor-element-populated\">\n\t\t\t\t\t<div class=\"elementor-background-overlay\"><\/div>\n\t\t\t\t\t\t<div class=\"elementor-element elementor-element-239c2a3 elementor-position-top elementor-widget elementor-widget-image-box\" data-id=\"239c2a3\" data-element_type=\"widget\" data-widget_type=\"image-box.default\">\n\t\t\t\t<div class=\"elementor-widget-container\">\n\t\t\t\t\t<div class=\"elementor-image-box-wrapper\"><figure class=\"elementor-image-box-img\"><a href=\"https:\/\/naturecantonsdelest.ca\/nce\/projet-tourbiere-johnville-ruisseau-racey\/\" tabindex=\"-1\"><img loading=\"lazy\" decoding=\"async\" width=\"300\" height=\"178\" src=\"https:\/\/naturecantonsdelest.ca\/nce\/wp-content\/uploads\/2022\/06\/img-projet-tourbiere-johnville-300x178.jpg\" class=\"attachment-medium size-medium wp-image-255\" alt=\"\" srcset=\"https:\/\/naturecantonsdelest.ca\/nce\/wp-content\/uploads\/2022\/06\/img-projet-tourbiere-johnville-300x178.jpg 300w, https:\/\/naturecantonsdelest.ca\/nce\/wp-content\/uploads\/2022\/06\/img-projet-tourbiere-johnville.jpg 564w\" sizes=\"(max-width: 300px) 100vw, 300px\" \/><\/a><\/figure><div class=\"elementor-image-box-content\"><h3 class=\"elementor-image-box-title\"><a href=\"https:\/\/naturecantonsdelest.ca\/nce\/projet-tourbiere-johnville-ruisseau-racey\/\">P\u00f4le de conservation <br> Tourbi\u00e8re de Johnville et Ruisseau Racey<\/a><\/h3><p class=\"elementor-image-box-description\">Dans le pass\u00e9, une partie de la tourbi\u00e8re appartenait \u00e0 la Ville de Lennoxville qui, par plusieurs acquisitions de terrains au 20e si\u00e8cle, poursuivait l\u2019objectif de s\u00e9curiser son approvisionnement en eau potable. \n<br>\n<B>D\u00e9couvrez le projet<\/b><\/p><\/div><\/div>\t\t\t\t<\/div>\n\t\t\t\t<\/div>\n\t\t\t\t\t<\/div>\n\t\t<\/div>\n\t\t\t\t\t<\/div>\n\t\t<\/section>\n\t\t\t\t<\/div>\n\t\t","protected":false},"excerpt":{"rendered":"<p>LA CONSERVATION NOS PROJETS Nature Cantons-de-l\u2019Est (NCE) poursuit des projets de conservation \u00e0 quelques endroits sur son territoire d\u2019action, qui couvre le haut bassin-versant de la rivi\u00e8re Saint-Fran\u00e7ois. En plus de la tourbi\u00e8re de Johnville et du ruisseau Racey qui ont men\u00e9 \u00e0 la cr\u00e9ation de l\u2019organisme, deux massifs forestiers majeurs sont cibl\u00e9s : les [&hellip;]<\/p>\n","protected":false},"author":1,"featured_media":8,"parent":0,"menu_order":0,"comment_status":"closed","ping_status":"closed","template":"elementor_header_footer","meta":{"_monsterinsights_skip_tracking":false,"_monsterinsights_sitenote_active":false,"_monsterinsights_sitenote_note":"","_monsterinsights_sitenote_category":0,"footnotes":""},"aioseo_notices":[],"_links":{"self":[{"href":"https:\/\/naturecantonsdelest.ca\/nce\/wp-json\/wp\/v2\/pages\/242"}],"collection":[{"href":"https:\/\/naturecantonsdelest.ca\/nce\/wp-json\/wp\/v2\/pages"}],"about":[{"href":"https:\/\/naturecantonsdelest.ca\/nce\/wp-json\/wp\/v2\/types\/page"}],"author":[{"embeddable":true,"href":"https:\/\/naturecantonsdelest.ca\/nce\/wp-json\/wp\/v2\/users\/1"}],"replies":[{"embeddable":true,"href":"https:\/\/naturecantonsdelest.ca\/nce\/wp-json\/wp\/v2\/comments?post=242"}],"version-history":[{"count":43,"href":"https:\/\/naturecantonsdelest.ca\/nce\/wp-json\/wp\/v2\/pages\/242\/revisions"}],"predecessor-version":[{"id":1560,"href":"https:\/\/naturecantonsdelest.ca\/nce\/wp-json\/wp\/v2\/pages\/242\/revisions\/1560"}],"wp:featuredmedia":[{"embeddable":true,"href":"https:\/\/naturecantonsdelest.ca\/nce\/wp-json\/wp\/v2\/media\/8"}],"wp:attachment":[{"href":"https:\/\/naturecantonsdelest.ca\/nce\/wp-json\/wp\/v2\/media?parent=242"}],"curies":[{"name":"wp","href":"https:\/\/api.w.org\/{rel}","templated":true}]}}