{"id":266,"date":"2022-06-28T00:30:37","date_gmt":"2022-06-28T00:30:37","guid":{"rendered":"https:\/\/naturecantonsdelest.ca\/nce\/?page_id=266"},"modified":"2022-08-07T17:39:01","modified_gmt":"2022-08-07T17:39:01","slug":"options-de-conservation-milieux-naturels","status":"publish","type":"page","link":"https:\/\/naturecantonsdelest.ca\/nce\/options-de-conservation-milieux-naturels\/","title":{"rendered":"Options de Conservation milieux naturels"},"content":{"rendered":"\t\t<div data-elementor-type=\"wp-post\" data-elementor-id=\"266\" class=\"elementor elementor-266\" data-elementor-post-type=\"page\">\n\t\t\t\t\t\t<section class=\"elementor-section elementor-top-section elementor-element elementor-element-5a4bd9c elementor-section-height-min-height elementor-section-items-bottom elementor-section-boxed elementor-section-height-default\" data-id=\"5a4bd9c\" data-element_type=\"section\" data-settings=\"{&quot;background_background&quot;:&quot;classic&quot;}\">\n\t\t\t\t\t\t<div class=\"elementor-container elementor-column-gap-default\">\n\t\t\t\t\t<div class=\"elementor-column elementor-col-100 elementor-top-column elementor-element elementor-element-57a5bb0\" data-id=\"57a5bb0\" data-element_type=\"column\">\n\t\t\t<div class=\"elementor-widget-wrap elementor-element-populated\">\n\t\t\t\t\t\t<div class=\"elementor-element elementor-element-5325c74 elementor-widget elementor-widget-text-editor\" data-id=\"5325c74\" data-element_type=\"widget\" data-widget_type=\"text-editor.default\">\n\t\t\t\t<div class=\"elementor-widget-container\">\n\t\t\t\t\t\t\t\t\t<p>LES OPTIONS DE<br \/><b>CONSERVATION<\/b><\/p>\t\t\t\t\t\t\t\t<\/div>\n\t\t\t\t<\/div>\n\t\t\t\t\t<\/div>\n\t\t<\/div>\n\t\t\t\t\t<\/div>\n\t\t<\/section>\n\t\t\t\t<section class=\"elementor-section elementor-top-section elementor-element elementor-element-124a333 elementor-section-boxed elementor-section-height-default elementor-section-height-default\" data-id=\"124a333\" data-element_type=\"section\" data-settings=\"{&quot;background_background&quot;:&quot;classic&quot;}\">\n\t\t\t\t\t\t<div class=\"elementor-container elementor-column-gap-default\">\n\t\t\t\t\t<div class=\"elementor-column elementor-col-100 elementor-top-column elementor-element elementor-element-8c391ed\" data-id=\"8c391ed\" data-element_type=\"column\">\n\t\t\t<div class=\"elementor-widget-wrap elementor-element-populated\">\n\t\t\t\t\t\t<div class=\"elementor-element elementor-element-ec552b0 elementor-widget elementor-widget-heading\" data-id=\"ec552b0\" data-element_type=\"widget\" data-widget_type=\"heading.default\">\n\t\t\t\t<div class=\"elementor-widget-container\">\n\t\t\t\t\t<h2 class=\"elementor-heading-title elementor-size-default\">Chaque propri\u00e9taire peut contribuer !<\/h2>\t\t\t\t<\/div>\n\t\t\t\t<\/div>\n\t\t\t\t<div class=\"elementor-element elementor-element-3cafc48 elementor-widget elementor-widget-text-editor\" data-id=\"3cafc48\" data-element_type=\"widget\" data-widget_type=\"text-editor.default\">\n\t\t\t\t<div class=\"elementor-widget-container\">\n\t\t\t\t\t\t\t\t\t<p>Pour atteindre ses objectifs de conservation, Nature Cantons-de-l\u2019Est (NCE) utilise la conservation volontaire, une d\u00e9marche o\u00f9 vous pouvez participer en tant qu\u2019acteur de premier plan \u00e0 la conservation des milieux naturels d\u2019int\u00e9r\u00eat de votre propri\u00e9t\u00e9.<\/p><p>Ces milieux naturels d\u2019int\u00e9r\u00eat, comme les milieux humides, les lacs, les rivi\u00e8res et leurs rives, les habitats fauniques et floristiques d\u2019int\u00e9r\u00eat et les for\u00eats anciennes, rares ou refuges, sont importants pour leur biodiversit\u00e9 et pour leurs fonctions \u00e9cologiques. Ils abritent un grand nombre d\u2019esp\u00e8ces, fournissent des produits essentiels : bois, gibier, champignons, petits fruits mais aussi des services : maintien de la qualit\u00e9 de l\u2019eau et des habitats aquatiques et de lieux pour pratiquer des activit\u00e9s r\u00e9cr\u00e9otouristiques.<\/p><p>Si vous \u00eates fier de votre propri\u00e9t\u00e9 et que vous voulez contribuer \u00e0 la pr\u00e9servation de sa biodiversit\u00e9 et de ses paysages, vous vous interrogez possiblement sur les fa\u00e7ons d\u2019y arriver. Vous songez peut-\u00eatre m\u00eame \u00e0 en assurer la conservation \u00e0 long terme. Diverses avenues sont possibles en fonction des caract\u00e9ristiques de votre propri\u00e9t\u00e9, de votre situation financi\u00e8re et de vos objectifs personnels. Il est aussi possible de r\u00e9aliser des activit\u00e9s de mise en valeur des ressources foresti\u00e8res tout en pr\u00e9servant la p\u00e9rennit\u00e9 de votre for\u00eat. Les professionnels de NCE sont l\u00e0 pour vous aider \u00e0 identifier les milieux naturels d\u2019int\u00e9r\u00eat de votre propri\u00e9t\u00e9 et pour vous guider dans le choix des meilleurs moyens \u00e0 mettre en \u0153uvre pour contribuer \u00e0 la conservation de ce patrimoine naturel.<\/p><p>Pour plus d\u2019information, n\u2019h\u00e9sitez pas \u00e0 nous <a href=\"mailto:info@naturecantonsdelest.ca\"><u><strong>contacter<\/strong><\/u><\/a><strong>.<\/strong><\/p>\t\t\t\t\t\t\t\t<\/div>\n\t\t\t\t<\/div>\n\t\t\t\t\t<\/div>\n\t\t<\/div>\n\t\t\t\t\t<\/div>\n\t\t<\/section>\n\t\t\t\t<section class=\"elementor-section elementor-top-section elementor-element elementor-element-f8b1db1 elementor-section-boxed elementor-section-height-default elementor-section-height-default\" data-id=\"f8b1db1\" data-element_type=\"section\">\n\t\t\t\t\t\t<div class=\"elementor-container elementor-column-gap-default\">\n\t\t\t\t\t<div class=\"elementor-column elementor-col-100 elementor-top-column elementor-element elementor-element-3d44f80\" data-id=\"3d44f80\" data-element_type=\"column\">\n\t\t\t<div class=\"elementor-widget-wrap elementor-element-populated\">\n\t\t\t\t\t\t<div class=\"elementor-element elementor-element-6831e2c elementor-widget elementor-widget-image\" data-id=\"6831e2c\" data-element_type=\"widget\" data-widget_type=\"image.default\">\n\t\t\t\t<div class=\"elementor-widget-container\">\n\t\t\t\t\t\t\t\t\t\t\t\t\t\t\t\t<a href=\"https:\/\/naturecantonsdelest.ca\/nce\/wp-content\/uploads\/2022\/08\/tableau-option-conservation1.jpg\" data-elementor-open-lightbox=\"yes\" data-elementor-lightbox-title=\"tableau-option-conservation1\" data-e-action-hash=\"#elementor-action%3Aaction%3Dlightbox%26settings%3DeyJpZCI6NzA4LCJ1cmwiOiJodHRwczpcL1wvbmF0dXJlY2FudG9uc2RlbGVzdC5jYVwvbmNlXC93cC1jb250ZW50XC91cGxvYWRzXC8yMDIyXC8wOFwvdGFibGVhdS1vcHRpb24tY29uc2VydmF0aW9uMS5qcGcifQ%3D%3D\">\n\t\t\t\t\t\t\t<img fetchpriority=\"high\" decoding=\"async\" width=\"990\" height=\"1049\" src=\"https:\/\/naturecantonsdelest.ca\/nce\/wp-content\/uploads\/2022\/08\/tableau-option-conservation1.jpg\" class=\"attachment-full size-full wp-image-708\" alt=\"tableau options conservation de milieux naturels\" srcset=\"https:\/\/naturecantonsdelest.ca\/nce\/wp-content\/uploads\/2022\/08\/tableau-option-conservation1.jpg 990w, https:\/\/naturecantonsdelest.ca\/nce\/wp-content\/uploads\/2022\/08\/tableau-option-conservation1-283x300.jpg 283w, https:\/\/naturecantonsdelest.ca\/nce\/wp-content\/uploads\/2022\/08\/tableau-option-conservation1-966x1024.jpg 966w, https:\/\/naturecantonsdelest.ca\/nce\/wp-content\/uploads\/2022\/08\/tableau-option-conservation1-768x814.jpg 768w\" sizes=\"(max-width: 990px) 100vw, 990px\" \/>\t\t\t\t\t\t\t\t<\/a>\n\t\t\t\t\t\t\t\t\t\t\t\t\t\t\t<\/div>\n\t\t\t\t<\/div>\n\t\t\t\t\t<\/div>\n\t\t<\/div>\n\t\t\t\t\t<\/div>\n\t\t<\/section>\n\t\t\t\t<\/div>\n\t\t","protected":false},"excerpt":{"rendered":"<p>LES OPTIONS DECONSERVATION Chaque propri\u00e9taire peut contribuer ! Pour atteindre ses objectifs de conservation, Nature Cantons-de-l\u2019Est (NCE) utilise la conservation volontaire, une d\u00e9marche o\u00f9 vous pouvez participer en tant qu\u2019acteur de premier plan \u00e0 la conservation des milieux naturels d\u2019int\u00e9r\u00eat de votre propri\u00e9t\u00e9. Ces milieux naturels d\u2019int\u00e9r\u00eat, comme les milieux humides, les lacs, les rivi\u00e8res [&hellip;]<\/p>\n","protected":false},"author":1,"featured_media":8,"parent":0,"menu_order":0,"comment_status":"closed","ping_status":"closed","template":"elementor_header_footer","meta":{"_monsterinsights_skip_tracking":false,"_monsterinsights_sitenote_active":false,"_monsterinsights_sitenote_note":"","_monsterinsights_sitenote_category":0,"footnotes":""},"aioseo_notices":[],"_links":{"self":[{"href":"https:\/\/naturecantonsdelest.ca\/nce\/wp-json\/wp\/v2\/pages\/266"}],"collection":[{"href":"https:\/\/naturecantonsdelest.ca\/nce\/wp-json\/wp\/v2\/pages"}],"about":[{"href":"https:\/\/naturecantonsdelest.ca\/nce\/wp-json\/wp\/v2\/types\/page"}],"author":[{"embeddable":true,"href":"https:\/\/naturecantonsdelest.ca\/nce\/wp-json\/wp\/v2\/users\/1"}],"replies":[{"embeddable":true,"href":"https:\/\/naturecantonsdelest.ca\/nce\/wp-json\/wp\/v2\/comments?post=266"}],"version-history":[{"count":13,"href":"https:\/\/naturecantonsdelest.ca\/nce\/wp-json\/wp\/v2\/pages\/266\/revisions"}],"predecessor-version":[{"id":711,"href":"https:\/\/naturecantonsdelest.ca\/nce\/wp-json\/wp\/v2\/pages\/266\/revisions\/711"}],"wp:featuredmedia":[{"embeddable":true,"href":"https:\/\/naturecantonsdelest.ca\/nce\/wp-json\/wp\/v2\/media\/8"}],"wp:attachment":[{"href":"https:\/\/naturecantonsdelest.ca\/nce\/wp-json\/wp\/v2\/media?parent=266"}],"curies":[{"name":"wp","href":"https:\/\/api.w.org\/{rel}","templated":true}]}}