{"id":268,"date":"2022-06-28T00:31:41","date_gmt":"2022-06-28T00:31:41","guid":{"rendered":"https:\/\/naturecantonsdelest.ca\/nce\/?page_id=268"},"modified":"2022-06-30T20:32:39","modified_gmt":"2022-06-30T20:32:39","slug":"temoignages-conservation-milieux-naturels","status":"publish","type":"page","link":"https:\/\/naturecantonsdelest.ca\/nce\/temoignages-conservation-milieux-naturels\/","title":{"rendered":"T\u00e9moignages Conservation milieux naturels"},"content":{"rendered":"\t\t<div data-elementor-type=\"wp-post\" data-elementor-id=\"268\" class=\"elementor elementor-268\" data-elementor-post-type=\"page\">\n\t\t\t\t\t\t<section class=\"elementor-section elementor-top-section elementor-element elementor-element-5a4bd9c elementor-section-height-min-height elementor-section-items-bottom elementor-section-boxed elementor-section-height-default\" data-id=\"5a4bd9c\" data-element_type=\"section\" data-settings=\"{&quot;background_background&quot;:&quot;classic&quot;}\">\n\t\t\t\t\t\t<div class=\"elementor-container elementor-column-gap-default\">\n\t\t\t\t\t<div class=\"elementor-column elementor-col-100 elementor-top-column elementor-element elementor-element-57a5bb0\" data-id=\"57a5bb0\" data-element_type=\"column\">\n\t\t\t<div class=\"elementor-widget-wrap elementor-element-populated\">\n\t\t\t\t\t\t<div class=\"elementor-element elementor-element-5325c74 elementor-widget elementor-widget-text-editor\" data-id=\"5325c74\" data-element_type=\"widget\" data-widget_type=\"text-editor.default\">\n\t\t\t\t<div class=\"elementor-widget-container\">\n\t\t\t\t\t\t\t\t\t<p>LES <b>T\u00c9MOIGNAGES<\/b><\/p>\t\t\t\t\t\t\t\t<\/div>\n\t\t\t\t<\/div>\n\t\t\t\t\t<\/div>\n\t\t<\/div>\n\t\t\t\t\t<\/div>\n\t\t<\/section>\n\t\t\t\t<section class=\"elementor-section elementor-top-section elementor-element elementor-element-124a333 elementor-section-boxed elementor-section-height-default elementor-section-height-default\" data-id=\"124a333\" data-element_type=\"section\" data-settings=\"{&quot;background_background&quot;:&quot;classic&quot;}\">\n\t\t\t\t\t\t<div class=\"elementor-container elementor-column-gap-default\">\n\t\t\t\t\t<div class=\"elementor-column elementor-col-100 elementor-top-column elementor-element elementor-element-8c391ed\" data-id=\"8c391ed\" data-element_type=\"column\">\n\t\t\t<div class=\"elementor-widget-wrap elementor-element-populated\">\n\t\t\t\t\t\t<section class=\"elementor-section elementor-inner-section elementor-element elementor-element-e333ca0 elementor-section-boxed elementor-section-height-default elementor-section-height-default\" data-id=\"e333ca0\" data-element_type=\"section\">\n\t\t\t\t\t\t<div class=\"elementor-container elementor-column-gap-extended\">\n\t\t\t\t\t<div class=\"elementor-column elementor-col-50 elementor-inner-column elementor-element elementor-element-d48e8f5\" data-id=\"d48e8f5\" data-element_type=\"column\">\n\t\t\t<div class=\"elementor-widget-wrap elementor-element-populated\">\n\t\t\t\t\t\t<div class=\"elementor-element elementor-element-ec552b0 elementor-widget elementor-widget-heading\" data-id=\"ec552b0\" data-element_type=\"widget\" data-widget_type=\"heading.default\">\n\t\t\t\t<div class=\"elementor-widget-container\">\n\t\t\t\t\t<h2 class=\"elementor-heading-title elementor-size-default\">Conservation de terrains priv\u00e9s autour du mont M\u00e9gantic<\/h2>\t\t\t\t<\/div>\n\t\t\t\t<\/div>\n\t\t\t\t<div class=\"elementor-element elementor-element-3cafc48 elementor-widget elementor-widget-text-editor\" data-id=\"3cafc48\" data-element_type=\"widget\" data-widget_type=\"text-editor.default\">\n\t\t\t\t<div class=\"elementor-widget-container\">\n\t\t\t\t\t\t\t\t\t<p><img fetchpriority=\"high\" decoding=\"async\" class=\"size-medium wp-image-294 alignleft\" src=\"https:\/\/naturecantonsdelest.ca\/nce\/wp-content\/uploads\/2022\/06\/img-temoignages1-300x226.jpg\" alt=\"Temoignages conservation\" width=\"300\" height=\"226\" srcset=\"https:\/\/naturecantonsdelest.ca\/nce\/wp-content\/uploads\/2022\/06\/img-temoignages1-300x226.jpg 300w, https:\/\/naturecantonsdelest.ca\/nce\/wp-content\/uploads\/2022\/06\/img-temoignages1.jpg 369w\" sizes=\"(max-width: 300px) 100vw, 300px\" \/>\u00ab \u00c0 la suite du d\u00e9c\u00e8s des autres membres de ma famille, je me suis retrouv\u00e9e seule propri\u00e9taire de la terre familiale de plus de 37 hectares \u00e0 la sortie du village de Val-Racine. Apr\u00e8s quelques ann\u00e9es d\u2019exploitation foresti\u00e8re, nous avions, ma s\u0153ur Brigitte et moi, d\u00e9cid\u00e9 de la diviser en grands lots et de les vendre \u00e0 d\u2019\u00e9ventuels nouveaux arrivants. J\u2019ai continu\u00e9 seule ce projet et, apr\u00e8s expertise de la qualit\u00e9 du sol, j\u2019ai r\u00e9alis\u00e9 qu\u2019il y avait pr\u00e8s de 6 hectares de terrain en milieu humide.<\/p><p>Je tenais \u00e0 prot\u00e9ger ce milieu fragile, sa faune et sa flore, d\u2019autant qu\u2019il \u00e9tait situ\u00e9 sur le bord de la rivi\u00e8re Victoria et que mon p\u00e8re, qui aimait tant la nature et avait sillonn\u00e9 les lieux \u00e0 pied et en ski une grande partie de sa vie, n\u2019aurait pas aim\u00e9 qu\u2019il soit laiss\u00e9 \u00e0 l\u2019abandon. <b>J\u2019ai donc eu l\u2019id\u00e9e de c\u00e9der cette parcelle \u00e0 la municipalit\u00e9 qui pourrait y cr\u00e9er une aire de repos pr\u00e8s de la rivi\u00e8re.<\/b><\/p><p>Ma rencontre avec l\u2019organisme de conservation Nature Cantons-de-l\u2019Est, lors de leur inventaire \u00e9cologique des terrains priv\u00e9s autour du mont M\u00e9gantic en 2019, m\u2019a permis de mettre en branle ce projet. De l\u00e0 est n\u00e9e l\u2019id\u00e9e de faire un don \u00e9cologique. Les intervenants de l\u2019organisme m\u2019ont renseign\u00e9e sur les d\u00e9marches \u00e0 faire aupr\u00e8s des diff\u00e9rentes instances gouvernementales afin de r\u00e9aliser le projet. \u00c0 vrai dire, ce sont eux qui ont pratiquement tout fait ! Comme je tenais \u00e0 impliquer la municipalit\u00e9 o\u00f9 mon p\u00e8re a \u0153uvr\u00e9 pendant 20 ans comme secr\u00e9taire, j\u2019ai d\u00e9cid\u00e9 de faire un don en copropri\u00e9t\u00e9 \u00e0 la fois \u00e0 l\u2019organisme et \u00e0 la municipalit\u00e9, qui l\u2019a accept\u00e9. Le tout s\u2019est concr\u00e9tis\u00e9 \u00e0 l\u2019automne 2020. Ces \u00e9cosyst\u00e8mes riches sont d\u00e9sormais durablement prot\u00e9g\u00e9s et j\u2019en suis tr\u00e8s heureuse ! En effet, l\u2019organisme s\u2019est engag\u00e9 formellement \u00e0 en assurer le suivi \u00e9cologique et la conservation. Il ne reste plus qu\u2019\u00e0 trouver les fonds n\u00e9cessaires pour construire les quelques installations qui permettront un v\u00e9ritable acc\u00e8s, le seul du village, \u00e0 la Victoria ! J\u2019ai confiance que cela arrivera bient\u00f4t ! \u00bb<\/p><p><strong>Beno\u00eete Dub\u00e9<\/strong><\/p>\t\t\t\t\t\t\t\t<\/div>\n\t\t\t\t<\/div>\n\t\t\t\t\t<\/div>\n\t\t<\/div>\n\t\t\t\t<div class=\"elementor-column elementor-col-50 elementor-inner-column elementor-element elementor-element-7034901\" data-id=\"7034901\" data-element_type=\"column\">\n\t\t\t<div class=\"elementor-widget-wrap elementor-element-populated\">\n\t\t\t\t\t\t<div class=\"elementor-element elementor-element-f0231e0 elementor-widget elementor-widget-heading\" data-id=\"f0231e0\" data-element_type=\"widget\" data-widget_type=\"heading.default\">\n\t\t\t\t<div class=\"elementor-widget-container\">\n\t\t\t\t\t<h2 class=\"elementor-heading-title elementor-size-default\">Faire le don d\u2019un terrain \u00e0 la conservation...<\/h2>\t\t\t\t<\/div>\n\t\t\t\t<\/div>\n\t\t\t\t<div class=\"elementor-element elementor-element-bcfe185 elementor-widget elementor-widget-text-editor\" data-id=\"bcfe185\" data-element_type=\"widget\" data-widget_type=\"text-editor.default\">\n\t\t\t\t<div class=\"elementor-widget-container\">\n\t\t\t\t\t\t\t\t\t<p>\u00ab Faire le don d\u2019un terrain \u00e0 la conservation n\u2019est pas aussi simple qu\u2019on pourrait le croire. Quand je me suis adress\u00e9e \u00e0 Nature Cantons-de-l\u2019Est pour conserver \u00e0 perp\u00e9tuit\u00e9 une terre que j\u2019aimais et que je souhaitais prot\u00e9ger, je ne m\u2019attendais pas \u00e0 toute la complexit\u00e9 du dossier. Dans mon cas, le c\u00f4t\u00e9 \u00e9motionnel et l\u2019attachement \u00e0 cette terre ont pris une part importante de mon \u00e9nergie d\u00e8s le d\u00e9but.<\/p><div><p>J\u2019ai \u00e9t\u00e9 inform\u00e9e, rassur\u00e9e et accompagn\u00e9e, autant par le charg\u00e9 de projets que la direction. Le cahier du propri\u00e9taire a \u00e9t\u00e9 un cadeau qui venait confirmer l\u2019importance de prot\u00e9ger ce territoire et toute sa biodiversit\u00e9.<\/p><p><img decoding=\"async\" class=\"alignright size-medium wp-image-293\" src=\"https:\/\/naturecantonsdelest.ca\/nce\/wp-content\/uploads\/2022\/06\/img-temoignages-300x226.jpg\" alt=\"\" width=\"300\" height=\"226\" srcset=\"https:\/\/naturecantonsdelest.ca\/nce\/wp-content\/uploads\/2022\/06\/img-temoignages-300x226.jpg 300w, https:\/\/naturecantonsdelest.ca\/nce\/wp-content\/uploads\/2022\/06\/img-temoignages.jpg 369w\" sizes=\"(max-width: 300px) 100vw, 300px\" \/>Je n\u2019avais pas pens\u00e9 aux aspects l\u00e9gaux et financiers du projet, qui sont d\u2019une grande complexit\u00e9. Le personnel de Nature Cantons-de-l\u2019Est s\u2019est charg\u00e9 de tout et m\u2019a tenue inform\u00e9e des d\u00e9marches \u00e0 chaque \u00e9tape. Ce faisant, ils ont r\u00e9ussi \u00e0 r\u00e9pondre \u00e0 toutes mes exigences.<\/p><p>Je suis reconnaissante d\u2019avoir pu compter sur leur aide pour r\u00e9aliser mon r\u00eave.\u00bb<\/p><p class=\"MsoNormal\" style=\"text-align: right;\" align=\"right\"><b style=\"mso-bidi-font-weight: normal;\"><strong>Lorraine Plante<\/strong><\/b><\/p><\/div>\t\t\t\t\t\t\t\t<\/div>\n\t\t\t\t<\/div>\n\t\t\t\t\t<\/div>\n\t\t<\/div>\n\t\t\t\t\t<\/div>\n\t\t<\/section>\n\t\t\t\t\t<\/div>\n\t\t<\/div>\n\t\t\t\t\t<\/div>\n\t\t<\/section>\n\t\t\t\t<\/div>\n\t\t","protected":false},"excerpt":{"rendered":"<p>LES T\u00c9MOIGNAGES Conservation de terrains priv\u00e9s autour du mont M\u00e9gantic \u00ab \u00c0 la suite du d\u00e9c\u00e8s des autres membres de ma famille, je me suis retrouv\u00e9e seule propri\u00e9taire de la terre familiale de plus de 37 hectares \u00e0 la sortie du village de Val-Racine. Apr\u00e8s quelques ann\u00e9es d\u2019exploitation foresti\u00e8re, nous avions, ma s\u0153ur Brigitte et [&hellip;]<\/p>\n","protected":false},"author":1,"featured_media":8,"parent":0,"menu_order":0,"comment_status":"closed","ping_status":"closed","template":"elementor_header_footer","meta":{"_monsterinsights_skip_tracking":false,"_monsterinsights_sitenote_active":false,"_monsterinsights_sitenote_note":"","_monsterinsights_sitenote_category":0,"footnotes":""},"aioseo_notices":[],"_links":{"self":[{"href":"https:\/\/naturecantonsdelest.ca\/nce\/wp-json\/wp\/v2\/pages\/268"}],"collection":[{"href":"https:\/\/naturecantonsdelest.ca\/nce\/wp-json\/wp\/v2\/pages"}],"about":[{"href":"https:\/\/naturecantonsdelest.ca\/nce\/wp-json\/wp\/v2\/types\/page"}],"author":[{"embeddable":true,"href":"https:\/\/naturecantonsdelest.ca\/nce\/wp-json\/wp\/v2\/users\/1"}],"replies":[{"embeddable":true,"href":"https:\/\/naturecantonsdelest.ca\/nce\/wp-json\/wp\/v2\/comments?post=268"}],"version-history":[{"count":11,"href":"https:\/\/naturecantonsdelest.ca\/nce\/wp-json\/wp\/v2\/pages\/268\/revisions"}],"predecessor-version":[{"id":1380,"href":"https:\/\/naturecantonsdelest.ca\/nce\/wp-json\/wp\/v2\/pages\/268\/revisions\/1380"}],"wp:featuredmedia":[{"embeddable":true,"href":"https:\/\/naturecantonsdelest.ca\/nce\/wp-json\/wp\/v2\/media\/8"}],"wp:attachment":[{"href":"https:\/\/naturecantonsdelest.ca\/nce\/wp-json\/wp\/v2\/media?parent=268"}],"curies":[{"name":"wp","href":"https:\/\/api.w.org\/{rel}","templated":true}]}}