{"id":301,"date":"2022-06-28T18:37:30","date_gmt":"2022-06-28T18:37:30","guid":{"rendered":"https:\/\/naturecantonsdelest.ca\/nce\/?page_id=301"},"modified":"2025-02-28T21:56:56","modified_gmt":"2025-02-28T21:56:56","slug":"publications","status":"publish","type":"page","link":"https:\/\/naturecantonsdelest.ca\/nce\/publications\/","title":{"rendered":"PUBLICATIONS"},"content":{"rendered":"\t\t<div data-elementor-type=\"wp-post\" data-elementor-id=\"301\" class=\"elementor elementor-301\" data-elementor-post-type=\"page\">\n\t\t\t\t\t\t<section class=\"elementor-section elementor-top-section elementor-element elementor-element-5a4bd9c elementor-section-height-min-height elementor-section-items-bottom elementor-section-boxed elementor-section-height-default\" data-id=\"5a4bd9c\" data-element_type=\"section\" data-settings=\"{&quot;background_background&quot;:&quot;classic&quot;}\">\n\t\t\t\t\t\t<div class=\"elementor-container elementor-column-gap-default\">\n\t\t\t\t\t<div class=\"elementor-column elementor-col-100 elementor-top-column elementor-element elementor-element-57a5bb0\" data-id=\"57a5bb0\" data-element_type=\"column\">\n\t\t\t<div class=\"elementor-widget-wrap elementor-element-populated\">\n\t\t\t\t\t\t<div class=\"elementor-element elementor-element-5325c74 elementor-widget elementor-widget-text-editor\" data-id=\"5325c74\" data-element_type=\"widget\" data-widget_type=\"text-editor.default\">\n\t\t\t\t<div class=\"elementor-widget-container\">\n\t\t\t\t\t\t\t\t\t<p><b>PUBLICATIONS<\/b><\/p>\t\t\t\t\t\t\t\t<\/div>\n\t\t\t\t<\/div>\n\t\t\t\t\t<\/div>\n\t\t<\/div>\n\t\t\t\t\t<\/div>\n\t\t<\/section>\n\t\t\t\t<section class=\"elementor-section elementor-top-section elementor-element elementor-element-124a333 elementor-section-boxed elementor-section-height-default elementor-section-height-default\" data-id=\"124a333\" data-element_type=\"section\" data-settings=\"{&quot;background_background&quot;:&quot;classic&quot;}\">\n\t\t\t\t\t\t<div class=\"elementor-container elementor-column-gap-default\">\n\t\t\t\t\t<div class=\"elementor-column elementor-col-100 elementor-top-column elementor-element elementor-element-8c391ed\" data-id=\"8c391ed\" data-element_type=\"column\">\n\t\t\t<div class=\"elementor-widget-wrap elementor-element-populated\">\n\t\t\t\t\t\t<div class=\"elementor-element elementor-element-6ed2137 elementor-widget elementor-widget-toggle\" data-id=\"6ed2137\" data-element_type=\"widget\" data-widget_type=\"toggle.default\">\n\t\t\t\t<div class=\"elementor-widget-container\">\n\t\t\t\t\t\t\t<div class=\"elementor-toggle\">\n\t\t\t\t\t\t\t<div class=\"elementor-toggle-item\">\n\t\t\t\t\t<div id=\"elementor-tab-title-1161\" class=\"elementor-tab-title\" data-tab=\"1\" role=\"button\" aria-controls=\"elementor-tab-content-1161\" aria-expanded=\"false\">\n\t\t\t\t\t\t\t\t\t\t\t\t<span class=\"elementor-toggle-icon elementor-toggle-icon-left\" aria-hidden=\"true\">\n\t\t\t\t\t\t\t\t\t\t\t\t\t\t\t<span class=\"elementor-toggle-icon-closed\"><i class=\"fas fa-caret-right\"><\/i><\/span>\n\t\t\t\t\t\t\t\t<span class=\"elementor-toggle-icon-opened\"><i class=\"elementor-toggle-icon-opened fas fa-caret-up\"><\/i><\/span>\n\t\t\t\t\t\t\t\t\t\t\t\t\t<\/span>\n\t\t\t\t\t\t\t\t\t\t\t\t<a class=\"elementor-toggle-title\" tabindex=\"0\">COMMUNIQU\u00c9S DE PRESSE<\/a>\n\t\t\t\t\t<\/div>\n\n\t\t\t\t\t<div id=\"elementor-tab-content-1161\" class=\"elementor-tab-content elementor-clearfix\" data-tab=\"1\" role=\"region\" aria-labelledby=\"elementor-tab-title-1161\"><p><b>Communiqu\u00e9 du 24 janvier 2022<br \/><a href=\"https:\/\/naturecantonsdelest.ca\/nce\/wp-content\/uploads\/2022\/10\/NCE-Communique-de-presse_don-ecologique.pdf\">77 hectares de milieu naturel prot\u00e9g\u00e9s \u00e0 perp\u00e9tuit\u00e9 \u00e0 Val-Racine<\/a><br \/><\/b><em>Nature Cantons-de-l&rsquo;Est est heureux et fier d&rsquo;annoncer la protection \u00e0 perp\u00e9tuit\u00e9 de deux propri\u00e9t\u00e9s totalisant 77 hectares sur le territoire de la municipalit\u00e9 de Val-Racine, dans la MRC du Granit. Ce projet a \u00e9t\u00e9 rendu possible avant<\/em> <i>tout gr\u00e2ce \u00e0 la g\u00e9n\u00e9rosit\u00e9 et la volont\u00e9 de conservation des deux donatrices, Lorraine Plante et Beno\u00eete Dub\u00e9.<br \/><a href=\"https:\/\/naturecantonsdelest.ca\/nce\/wp-content\/uploads\/2022\/10\/NCE-Communique-de-presse_don-ecologique.pdf\" target=\"_blank\" rel=\"noopener\">\u00bb T\u00e9l\u00e9chargez le communiqu\u00e9 de presse<\/a><\/i><\/p><\/div>\n\t\t\t\t<\/div>\n\t\t\t\t\t\t\t<div class=\"elementor-toggle-item\">\n\t\t\t\t\t<div id=\"elementor-tab-title-1162\" class=\"elementor-tab-title\" data-tab=\"2\" role=\"button\" aria-controls=\"elementor-tab-content-1162\" aria-expanded=\"false\">\n\t\t\t\t\t\t\t\t\t\t\t\t<span class=\"elementor-toggle-icon elementor-toggle-icon-left\" aria-hidden=\"true\">\n\t\t\t\t\t\t\t\t\t\t\t\t\t\t\t<span class=\"elementor-toggle-icon-closed\"><i class=\"fas fa-caret-right\"><\/i><\/span>\n\t\t\t\t\t\t\t\t<span class=\"elementor-toggle-icon-opened\"><i class=\"elementor-toggle-icon-opened fas fa-caret-up\"><\/i><\/span>\n\t\t\t\t\t\t\t\t\t\t\t\t\t<\/span>\n\t\t\t\t\t\t\t\t\t\t\t\t<a class=\"elementor-toggle-title\" tabindex=\"0\">PUBLICATIONS<\/a>\n\t\t\t\t\t<\/div>\n\n\t\t\t\t\t<div id=\"elementor-tab-content-1162\" class=\"elementor-tab-content elementor-clearfix\" data-tab=\"2\" role=\"region\" aria-labelledby=\"elementor-tab-title-1162\"><p><strong><a href=\"https:\/\/naturecantonsdelest.ca\/nce\/wp-content\/uploads\/2022\/10\/Fiche-salamandre_final_sans-bordure.pdf\">\u00bb Les salamandres de ruisseaux<\/a><\/strong><\/p><p>Les grandes superficies de for\u00eat naturelle regorgent de cours d\u2019eau. Selon leur position \u00e0 l\u2019int\u00e9rieur d\u2019un bassin versant le potentiel d\u2019y retrouver des salamandres de ruisseaux sera parfois \u00e9lev\u00e9, parfois plus faible, en fonction de leurs caract\u00e9ristiques. Trois esp\u00e8ces de salamandres de ruisseaux habitent les cours d\u2019eau de la r\u00e9gion. Il s\u2019agit de la salamandre \u00e0 deux lignes, de la salamandre sombre du Nord ainsi que de la salamandre pourpre.<\/p><p>\u00a0<\/p><p><strong><a href=\"https:\/\/naturecantonsdelest.ca\/nce\/wp-content\/uploads\/2025\/02\/Methode-restaurer-habitat-SP_28-02-2025.pdf\">\u00bb Les m\u00e9thodes pour restaurer l&rsquo;habitat de la salamandre pourpre<\/a><\/strong><\/p><p>La salamandre pourpre est une esp\u00e8ce particuli\u00e8rement sensible aux perturbations de son habitat et confront\u00e9e \u00e0 de nombreuses menaces. Certaines de ces menaces peuvent toutefois \u00eatre att\u00e9nu\u00e9es, voire \u00e9limin\u00e9es, gr\u00e2ce \u00e0 des actions cibl\u00e9es visant \u00e0 restaurer son habitat. Ce document d\u00e9crit les \u00e9tapes cl\u00e9s d\u2019un projet de restauration de l\u2019habitat de la salamandre pourpre, illustr\u00e9 par des exemples concrets d\u2019interventions men\u00e9es par NCE dans le massif des monts Stoke.<\/p><\/div>\n\t\t\t\t<\/div>\n\t\t\t\t\t\t\t<div class=\"elementor-toggle-item\">\n\t\t\t\t\t<div id=\"elementor-tab-title-1163\" class=\"elementor-tab-title\" data-tab=\"3\" role=\"button\" aria-controls=\"elementor-tab-content-1163\" aria-expanded=\"false\">\n\t\t\t\t\t\t\t\t\t\t\t\t<span class=\"elementor-toggle-icon elementor-toggle-icon-left\" aria-hidden=\"true\">\n\t\t\t\t\t\t\t\t\t\t\t\t\t\t\t<span class=\"elementor-toggle-icon-closed\"><i class=\"fas fa-caret-right\"><\/i><\/span>\n\t\t\t\t\t\t\t\t<span class=\"elementor-toggle-icon-opened\"><i class=\"elementor-toggle-icon-opened fas fa-caret-up\"><\/i><\/span>\n\t\t\t\t\t\t\t\t\t\t\t\t\t<\/span>\n\t\t\t\t\t\t\t\t\t\t\t\t<a class=\"elementor-toggle-title\" tabindex=\"0\">BULLETINS<\/a>\n\t\t\t\t\t<\/div>\n\n\t\t\t\t\t<div id=\"elementor-tab-content-1163\" class=\"elementor-tab-content elementor-clearfix\" data-tab=\"3\" role=\"region\" aria-labelledby=\"elementor-tab-title-1163\"><p><strong><a href=\"https:\/\/naturecantonsdelest.ca\/nce\/wp-content\/uploads\/2022\/10\/Bulletin-de-liaison.pdf\">\u00bb Conservation volontaire de la biodiversit\u00e9 foresti\u00e8re en p\u00e9riph\u00e9rie du Parc national du Mont-M\u00e9gantic<\/a> &#8211; Hiver 2022<\/strong><\/p><\/div>\n\t\t\t\t<\/div>\n\t\t\t\t\t\t\t\t<\/div>\n\t\t\t\t\t\t<\/div>\n\t\t\t\t<\/div>\n\t\t\t\t\t<\/div>\n\t\t<\/div>\n\t\t\t\t\t<\/div>\n\t\t<\/section>\n\t\t\t\t<\/div>\n\t\t","protected":false},"excerpt":{"rendered":"<p>PUBLICATIONS COMMUNIQU\u00c9S DE PRESSE Communiqu\u00e9 du 24 janvier 202277 hectares de milieu naturel prot\u00e9g\u00e9s \u00e0 perp\u00e9tuit\u00e9 \u00e0 Val-RacineNature Cantons-de-l&rsquo;Est est heureux et fier d&rsquo;annoncer la protection \u00e0 perp\u00e9tuit\u00e9 de deux propri\u00e9t\u00e9s totalisant 77 hectares sur le territoire de la municipalit\u00e9 de Val-Racine, dans la MRC du Granit. Ce projet a \u00e9t\u00e9 rendu possible avant tout [&hellip;]<\/p>\n","protected":false},"author":1,"featured_media":8,"parent":0,"menu_order":0,"comment_status":"closed","ping_status":"closed","template":"elementor_header_footer","meta":{"_monsterinsights_skip_tracking":false,"_monsterinsights_sitenote_active":false,"_monsterinsights_sitenote_note":"","_monsterinsights_sitenote_category":0,"footnotes":""},"aioseo_notices":[],"_links":{"self":[{"href":"https:\/\/naturecantonsdelest.ca\/nce\/wp-json\/wp\/v2\/pages\/301"}],"collection":[{"href":"https:\/\/naturecantonsdelest.ca\/nce\/wp-json\/wp\/v2\/pages"}],"about":[{"href":"https:\/\/naturecantonsdelest.ca\/nce\/wp-json\/wp\/v2\/types\/page"}],"author":[{"embeddable":true,"href":"https:\/\/naturecantonsdelest.ca\/nce\/wp-json\/wp\/v2\/users\/1"}],"replies":[{"embeddable":true,"href":"https:\/\/naturecantonsdelest.ca\/nce\/wp-json\/wp\/v2\/comments?post=301"}],"version-history":[{"count":26,"href":"https:\/\/naturecantonsdelest.ca\/nce\/wp-json\/wp\/v2\/pages\/301\/revisions"}],"predecessor-version":[{"id":1443,"href":"https:\/\/naturecantonsdelest.ca\/nce\/wp-json\/wp\/v2\/pages\/301\/revisions\/1443"}],"wp:featuredmedia":[{"embeddable":true,"href":"https:\/\/naturecantonsdelest.ca\/nce\/wp-json\/wp\/v2\/media\/8"}],"wp:attachment":[{"href":"https:\/\/naturecantonsdelest.ca\/nce\/wp-json\/wp\/v2\/media?parent=301"}],"curies":[{"name":"wp","href":"https:\/\/api.w.org\/{rel}","templated":true}]}}