{"id":415,"date":"2022-06-29T16:11:50","date_gmt":"2022-06-29T16:11:50","guid":{"rendered":"https:\/\/naturecantonsdelest.ca\/nce\/?page_id=415"},"modified":"2022-06-30T19:40:37","modified_gmt":"2022-06-30T19:40:37","slug":"projet-sherbrooke","status":"publish","type":"page","link":"https:\/\/naturecantonsdelest.ca\/nce\/projet-sherbrooke\/","title":{"rendered":"Projet &#8211; Sherbrooke"},"content":{"rendered":"\t\t<div data-elementor-type=\"wp-post\" data-elementor-id=\"415\" class=\"elementor elementor-415\" data-elementor-post-type=\"page\">\n\t\t\t\t\t\t<section class=\"elementor-section elementor-top-section elementor-element elementor-element-5a4bd9c elementor-section-height-min-height elementor-section-items-bottom elementor-section-boxed elementor-section-height-default\" data-id=\"5a4bd9c\" data-element_type=\"section\" data-settings=\"{&quot;background_background&quot;:&quot;classic&quot;}\">\n\t\t\t\t\t\t<div class=\"elementor-container elementor-column-gap-default\">\n\t\t\t\t\t<div class=\"elementor-column elementor-col-100 elementor-top-column elementor-element elementor-element-57a5bb0\" data-id=\"57a5bb0\" data-element_type=\"column\">\n\t\t\t<div class=\"elementor-widget-wrap elementor-element-populated\">\n\t\t\t\t\t\t<div class=\"elementor-element elementor-element-5325c74 elementor-widget elementor-widget-text-editor\" data-id=\"5325c74\" data-element_type=\"widget\" data-widget_type=\"text-editor.default\">\n\t\t\t\t<div class=\"elementor-widget-container\">\n\t\t\t\t\t\t\t\t\t<p>P\u00d4LE DE CONSERVATION\u00a0<\/p><p><b>SHERBROOKE<\/b><\/p>\t\t\t\t\t\t\t\t<\/div>\n\t\t\t\t<\/div>\n\t\t\t\t\t<\/div>\n\t\t<\/div>\n\t\t\t\t\t<\/div>\n\t\t<\/section>\n\t\t\t\t<section class=\"elementor-section elementor-top-section elementor-element elementor-element-11d6148 elementor-section-boxed elementor-section-height-default elementor-section-height-default\" data-id=\"11d6148\" data-element_type=\"section\" data-settings=\"{&quot;background_background&quot;:&quot;classic&quot;}\">\n\t\t\t\t\t\t<div class=\"elementor-container elementor-column-gap-default\">\n\t\t\t\t\t<div class=\"elementor-column elementor-col-100 elementor-top-column elementor-element elementor-element-a0db550\" data-id=\"a0db550\" data-element_type=\"column\">\n\t\t\t<div class=\"elementor-widget-wrap elementor-element-populated\">\n\t\t\t\t\t\t<div class=\"elementor-element elementor-element-c9e9743 elementor-widget elementor-widget-heading\" data-id=\"c9e9743\" data-element_type=\"widget\" data-widget_type=\"heading.default\">\n\t\t\t\t<div class=\"elementor-widget-container\">\n\t\t\t\t\t<h2 class=\"elementor-heading-title elementor-size-default\">La conservation en milieu urbain<\/h2>\t\t\t\t<\/div>\n\t\t\t\t<\/div>\n\t\t\t\t\t<\/div>\n\t\t<\/div>\n\t\t\t\t\t<\/div>\n\t\t<\/section>\n\t\t\t\t<section class=\"elementor-section elementor-top-section elementor-element elementor-element-124a333 elementor-section-boxed elementor-section-height-default elementor-section-height-default\" data-id=\"124a333\" data-element_type=\"section\" data-settings=\"{&quot;background_background&quot;:&quot;classic&quot;}\">\n\t\t\t\t\t\t<div class=\"elementor-container elementor-column-gap-default\">\n\t\t\t\t\t<div class=\"elementor-column elementor-col-100 elementor-top-column elementor-element elementor-element-8c391ed\" data-id=\"8c391ed\" data-element_type=\"column\">\n\t\t\t<div class=\"elementor-widget-wrap elementor-element-populated\">\n\t\t\t\t\t\t<section class=\"elementor-section elementor-inner-section elementor-element elementor-element-e333ca0 elementor-section-boxed elementor-section-height-default elementor-section-height-default\" data-id=\"e333ca0\" data-element_type=\"section\">\n\t\t\t\t\t\t<div class=\"elementor-container elementor-column-gap-default\">\n\t\t\t\t\t<div class=\"elementor-column elementor-col-100 elementor-inner-column elementor-element elementor-element-d48e8f5\" data-id=\"d48e8f5\" data-element_type=\"column\">\n\t\t\t<div class=\"elementor-widget-wrap elementor-element-populated\">\n\t\t\t\t\t\t<div class=\"elementor-element elementor-element-3cafc48 elementor-widget elementor-widget-text-editor\" data-id=\"3cafc48\" data-element_type=\"widget\" data-widget_type=\"text-editor.default\">\n\t\t\t\t<div class=\"elementor-widget-container\">\n\t\t\t\t\t\t\t\t\t<p><a href=\"https:\/\/www.sherbrooke.ca\/fr\" target=\"_blank\" rel=\"noopener\"><img decoding=\"async\" class=\"alignright wp-image-419\" src=\"https:\/\/naturecantonsdelest.ca\/nce\/wp-content\/uploads\/2022\/06\/Logo_de_la_Ville_de_Sherbrooke.jpg\" alt=\"\" width=\"193\" height=\"80\" \/><\/a>Depuis 2015, la <b>Ville de Sherbrooke<\/b> et <b>Nature Cantons-de-l\u2019Est<\/b> collaborent dans la poursuite des objectifs de la ville en termes de <b>conservation des milieux naturels<\/b> par diff\u00e9rentes approches. NCE fait notamment la promotion de la conservation volontaire aupr\u00e8s des propri\u00e9taires en les renseignant sur les valeurs \u00e9cologiques de leur propri\u00e9t\u00e9 \u00e0 l\u2019aide d\u2019un rapport de caract\u00e9risation. Celui-ci outille les propri\u00e9taires \u00e0 propos des bonnes pratiques d\u2019am\u00e9nagement, dans le but de maintenir les \u00e9l\u00e9ments naturels sensibles et le couvert forestier.<\/p><p>Par ailleurs, NCE proc\u00e8de \u00e0 des suivis de l\u2019int\u00e9grit\u00e9 \u00e9cologique sur des propri\u00e9t\u00e9s de la Ville d\u00e9j\u00e0 soumises \u00e0 des ententes l\u00e9gales de conservation.<\/p><p>NCE r\u00e9alise aussi divers mandats de mise en valeur de milieux naturels, par la conception de panneaux d\u2019interpr\u00e9tation qui exposent les \u00e9l\u00e9ments d\u2019int\u00e9r\u00eat pour la biodiversit\u00e9 qu\u2019on peut y trouver.<\/p>\t\t\t\t\t\t\t\t<\/div>\n\t\t\t\t<\/div>\n\t\t\t\t\t<\/div>\n\t\t<\/div>\n\t\t\t\t\t<\/div>\n\t\t<\/section>\n\t\t\t\t\t<\/div>\n\t\t<\/div>\n\t\t\t\t\t<\/div>\n\t\t<\/section>\n\t\t\t\t<section class=\"elementor-section elementor-top-section elementor-element elementor-element-ec84758 elementor-section-height-min-height elementor-section-boxed elementor-section-height-default elementor-section-items-middle\" data-id=\"ec84758\" data-element_type=\"section\" data-settings=\"{&quot;background_background&quot;:&quot;classic&quot;}\">\n\t\t\t\t\t\t<div class=\"elementor-container elementor-column-gap-default\">\n\t\t\t\t\t<div class=\"elementor-column elementor-col-100 elementor-top-column elementor-element elementor-element-25e7746\" data-id=\"25e7746\" data-element_type=\"column\">\n\t\t\t<div class=\"elementor-widget-wrap\">\n\t\t\t\t\t\t\t<\/div>\n\t\t<\/div>\n\t\t\t\t\t<\/div>\n\t\t<\/section>\n\t\t\t\t<\/div>\n\t\t","protected":false},"excerpt":{"rendered":"<p>P\u00d4LE DE CONSERVATION\u00a0 SHERBROOKE La conservation en milieu urbain Depuis 2015, la Ville de Sherbrooke et Nature Cantons-de-l\u2019Est collaborent dans la poursuite des objectifs de la ville en termes de conservation des milieux naturels par diff\u00e9rentes approches. NCE fait notamment la promotion de la conservation volontaire aupr\u00e8s des propri\u00e9taires en les renseignant sur les valeurs [&hellip;]<\/p>\n","protected":false},"author":1,"featured_media":8,"parent":0,"menu_order":0,"comment_status":"closed","ping_status":"closed","template":"elementor_header_footer","meta":{"_monsterinsights_skip_tracking":false,"_monsterinsights_sitenote_active":false,"_monsterinsights_sitenote_note":"","_monsterinsights_sitenote_category":0,"footnotes":""},"aioseo_notices":[],"_links":{"self":[{"href":"https:\/\/naturecantonsdelest.ca\/nce\/wp-json\/wp\/v2\/pages\/415"}],"collection":[{"href":"https:\/\/naturecantonsdelest.ca\/nce\/wp-json\/wp\/v2\/pages"}],"about":[{"href":"https:\/\/naturecantonsdelest.ca\/nce\/wp-json\/wp\/v2\/types\/page"}],"author":[{"embeddable":true,"href":"https:\/\/naturecantonsdelest.ca\/nce\/wp-json\/wp\/v2\/users\/1"}],"replies":[{"embeddable":true,"href":"https:\/\/naturecantonsdelest.ca\/nce\/wp-json\/wp\/v2\/comments?post=415"}],"version-history":[{"count":13,"href":"https:\/\/naturecantonsdelest.ca\/nce\/wp-json\/wp\/v2\/pages\/415\/revisions"}],"predecessor-version":[{"id":526,"href":"https:\/\/naturecantonsdelest.ca\/nce\/wp-json\/wp\/v2\/pages\/415\/revisions\/526"}],"wp:featuredmedia":[{"embeddable":true,"href":"https:\/\/naturecantonsdelest.ca\/nce\/wp-json\/wp\/v2\/media\/8"}],"wp:attachment":[{"href":"https:\/\/naturecantonsdelest.ca\/nce\/wp-json\/wp\/v2\/media?parent=415"}],"curies":[{"name":"wp","href":"https:\/\/api.w.org\/{rel}","templated":true}]}}