{"id":427,"date":"2022-06-29T16:45:21","date_gmt":"2022-06-29T16:45:21","guid":{"rendered":"https:\/\/naturecantonsdelest.ca\/nce\/?page_id=427"},"modified":"2022-08-07T18:59:41","modified_gmt":"2022-08-07T18:59:41","slug":"projet-tourbiere-johnville-ruisseau-racey","status":"publish","type":"page","link":"https:\/\/naturecantonsdelest.ca\/nce\/projet-tourbiere-johnville-ruisseau-racey\/","title":{"rendered":"Projet &#8211; Tourbi\u00e8re de Johnville et Ruisseau Racey"},"content":{"rendered":"\t\t<div data-elementor-type=\"wp-post\" data-elementor-id=\"427\" class=\"elementor elementor-427\" data-elementor-post-type=\"page\">\n\t\t\t\t\t\t<section class=\"elementor-section elementor-top-section elementor-element elementor-element-5a4bd9c elementor-section-height-min-height elementor-section-items-bottom elementor-section-boxed elementor-section-height-default\" data-id=\"5a4bd9c\" data-element_type=\"section\" data-settings=\"{&quot;background_background&quot;:&quot;classic&quot;}\">\n\t\t\t\t\t\t<div class=\"elementor-container elementor-column-gap-default\">\n\t\t\t\t\t<div class=\"elementor-column elementor-col-100 elementor-top-column elementor-element elementor-element-57a5bb0\" data-id=\"57a5bb0\" data-element_type=\"column\">\n\t\t\t<div class=\"elementor-widget-wrap elementor-element-populated\">\n\t\t\t\t\t\t<div class=\"elementor-element elementor-element-5325c74 elementor-widget elementor-widget-text-editor\" data-id=\"5325c74\" data-element_type=\"widget\" data-widget_type=\"text-editor.default\">\n\t\t\t\t<div class=\"elementor-widget-container\">\n\t\t\t\t\t\t\t\t\t<p>P\u00d4LE DE CONSERVATION\u00a0<\/p><p><b>Tourbi\u00e8re de Johnville et Ruisseau Racey<\/b><\/p>\t\t\t\t\t\t\t\t<\/div>\n\t\t\t\t<\/div>\n\t\t\t\t\t<\/div>\n\t\t<\/div>\n\t\t\t\t\t<\/div>\n\t\t<\/section>\n\t\t\t\t<section class=\"elementor-section elementor-top-section elementor-element elementor-element-11d6148 elementor-section-boxed elementor-section-height-default elementor-section-height-default\" data-id=\"11d6148\" data-element_type=\"section\" data-settings=\"{&quot;background_background&quot;:&quot;classic&quot;}\">\n\t\t\t\t\t\t<div class=\"elementor-container elementor-column-gap-default\">\n\t\t\t\t\t<div class=\"elementor-column elementor-col-100 elementor-top-column elementor-element elementor-element-a0db550\" data-id=\"a0db550\" data-element_type=\"column\">\n\t\t\t<div class=\"elementor-widget-wrap elementor-element-populated\">\n\t\t\t\t\t\t<div class=\"elementor-element elementor-element-c9e9743 elementor-widget elementor-widget-heading\" data-id=\"c9e9743\" data-element_type=\"widget\" data-widget_type=\"heading.default\">\n\t\t\t\t<div class=\"elementor-widget-container\">\n\t\t\t\t\t<h2 class=\"elementor-heading-title elementor-size-default\">Restauration et protection des mileux naturels<\/h2>\t\t\t\t<\/div>\n\t\t\t\t<\/div>\n\t\t\t\t\t<\/div>\n\t\t<\/div>\n\t\t\t\t\t<\/div>\n\t\t<\/section>\n\t\t\t\t<section class=\"elementor-section elementor-top-section elementor-element elementor-element-124a333 elementor-section-boxed elementor-section-height-default elementor-section-height-default\" data-id=\"124a333\" data-element_type=\"section\" data-settings=\"{&quot;background_background&quot;:&quot;classic&quot;}\">\n\t\t\t\t\t\t<div class=\"elementor-container elementor-column-gap-default\">\n\t\t\t\t\t<div class=\"elementor-column elementor-col-100 elementor-top-column elementor-element elementor-element-8c391ed\" data-id=\"8c391ed\" data-element_type=\"column\">\n\t\t\t<div class=\"elementor-widget-wrap elementor-element-populated\">\n\t\t\t\t\t\t<section class=\"elementor-section elementor-inner-section elementor-element elementor-element-e333ca0 elementor-section-boxed elementor-section-height-default elementor-section-height-default\" data-id=\"e333ca0\" data-element_type=\"section\">\n\t\t\t\t\t\t<div class=\"elementor-container elementor-column-gap-default\">\n\t\t\t\t\t<div class=\"elementor-column elementor-col-100 elementor-inner-column elementor-element elementor-element-d48e8f5\" data-id=\"d48e8f5\" data-element_type=\"column\">\n\t\t\t<div class=\"elementor-widget-wrap elementor-element-populated\">\n\t\t\t\t\t\t<div class=\"elementor-element elementor-element-3cafc48 elementor-widget elementor-widget-text-editor\" data-id=\"3cafc48\" data-element_type=\"widget\" data-widget_type=\"text-editor.default\">\n\t\t\t\t<div class=\"elementor-widget-container\">\n\t\t\t\t\t\t\t\t\t<p><img fetchpriority=\"high\" decoding=\"async\" class=\"alignright size-medium wp-image-255\" src=\"https:\/\/naturecantonsdelest.ca\/nce\/wp-content\/uploads\/2022\/06\/img-projet-tourbiere-johnville-300x178.jpg\" alt=\"\" width=\"300\" height=\"178\" srcset=\"https:\/\/naturecantonsdelest.ca\/nce\/wp-content\/uploads\/2022\/06\/img-projet-tourbiere-johnville-300x178.jpg 300w, https:\/\/naturecantonsdelest.ca\/nce\/wp-content\/uploads\/2022\/06\/img-projet-tourbiere-johnville.jpg 564w\" sizes=\"(max-width: 300px) 100vw, 300px\" \/>Dans le pass\u00e9, une partie de la tourbi\u00e8re appartenait \u00e0 la Ville de Lennoxville qui, par plusieurs acquisitions de terrains au 20e si\u00e8cle, poursuivait l\u2019objectif de s\u00e9curiser son approvisionnement en eau potable. L\u2019eau de l\u2019esker fut d\u2019ailleurs la principale source d\u2019approvisionnement de Lennoxville entre 1921 et 1949, avant de devenir un approvisionnement secondaire, jusqu\u2019en 1986. Suite aux fusions municipales, la Ville de Sherbrooke devint propri\u00e9taire des terrains, avant de les c\u00e9der \u00e0 l\u2019<strong>Universit\u00e9 de Sherbrooke<\/strong> et \u00e0 l\u2019<strong>Universit\u00e9 Bishop\u2019s<\/strong> en 2010.<\/p>\n<p>Entretemps, <b>Nature Cantons-de-l\u2019Est<\/b> (NCE) est devenu propri\u00e9taire en 2007 d\u2019un terrain de 44 hectares, voisin de ce qui deviendra la propri\u00e9t\u00e9 des universit\u00e9s. Par cette acquisition, NCE souhaite pr\u00e9server \u00e0 perp\u00e9tuit\u00e9 ces milieux naturels et restaurer la portion de la tourbi\u00e8re ayant \u00e9t\u00e9 d\u00e9grad\u00e9e dans le pass\u00e9. Comportant des activit\u00e9s comme la mise en place de barrages, le blocage de ponceaux et la coupe de v\u00e9g\u00e9tation ligneuse, les travaux de restauration de la tourbi\u00e8re r\u00e9alis\u00e9s en 2013-2014 visent \u00e0 r\u00e9tablir le niveau de la nappe phr\u00e9atique dans ce secteur de la tourbi\u00e8re, diminuer l\u2019\u00e9rosion et le transport de s\u00e9diments vers le ruisseau Racey, en plus de favoriser le retour des esp\u00e8ces v\u00e9g\u00e9tales et fauniques habituellement retrouv\u00e9es dans les \u00e9cosyst\u00e8mes des tourbi\u00e8res ouvertes.<\/p>\n<p>Toujours afin de prot\u00e9ger les milieux naturels du secteur de la tourbi\u00e8re, une servitude de conservation lie d\u00e9sormais la propri\u00e9t\u00e9 des universit\u00e9s \u00e0 celle de NCE. Ce statut assure la protection l\u00e9gale de plus de 227 hectares, ce qui repr\u00e9sente 94 % de la superficie totale de la tourbi\u00e8re de Johnville.<\/p>\t\t\t\t\t\t\t\t<\/div>\n\t\t\t\t<\/div>\n\t\t\t\t<div class=\"elementor-element elementor-element-7ec9a22 elementor-widget elementor-widget-heading\" data-id=\"7ec9a22\" data-element_type=\"widget\" data-widget_type=\"heading.default\">\n\t\t\t\t<div class=\"elementor-widget-container\">\n\t\t\t\t\t<h2 class=\"elementor-heading-title elementor-size-default\">La conservation de la tourbi\u00e8re de Johnville en trois points :<\/h2>\t\t\t\t<\/div>\n\t\t\t\t<\/div>\n\t\t\t\t<div class=\"elementor-element elementor-element-8526707 elementor-widget elementor-widget-text-editor\" data-id=\"8526707\" data-element_type=\"widget\" data-widget_type=\"text-editor.default\">\n\t\t\t\t<div class=\"elementor-widget-container\">\n\t\t\t\t\t\t\t\t\t<ul><li>Un plan de conservation du bassin versant du ruisseau Racey;<\/li><li>Un projet de restauration du secteur perturb\u00e9 de la tourbi\u00e8re;<\/li><li>Un parc ouvert au public pour la r\u00e9cr\u00e9ation extensive et des activit\u00e9s \u00e9ducatives ou de recherche.<br \/><br \/><br \/><\/li><\/ul><p>Pour en savoir plus sur l\u2019offre r\u00e9cr\u00e9ative et les activit\u00e9s \u00e9ducatives au <a href=\"https:\/\/naturecantonsdelest.ca\/nce\/parc-johnville\/\"><b>Parc \u00e9coforestier de Johnville, cliquez ici<\/b><\/a><\/p>\t\t\t\t\t\t\t\t<\/div>\n\t\t\t\t<\/div>\n\t\t\t\t<div class=\"elementor-element elementor-element-2cecb8b elementor-widget elementor-widget-heading\" data-id=\"2cecb8b\" data-element_type=\"widget\" data-widget_type=\"heading.default\">\n\t\t\t\t<div class=\"elementor-widget-container\">\n\t\t\t\t\t<h2 class=\"elementor-heading-title elementor-size-default\">Profil \u00e9cologique de la tourbi\u00e8re de Johnville <\/h2>\t\t\t\t<\/div>\n\t\t\t\t<\/div>\n\t\t\t\t<div class=\"elementor-element elementor-element-cdb7442 elementor-widget elementor-widget-text-editor\" data-id=\"cdb7442\" data-element_type=\"widget\" data-widget_type=\"text-editor.default\">\n\t\t\t\t<div class=\"elementor-widget-container\">\n\t\t\t\t\t\t\t\t\t<p>Le principal affluent de la tourbi\u00e8re de Johnville est le ruisseau Racey. Le bassin versant du ruisseau Racey couvre une superficie de 26 km<sup>2<\/sup>. On y retrouve 52,63 km lin\u00e9aires de cours d\u2019eau et 30 plans d&rsquo;eau. Les principaux plans d\u2019eau sont les Lacs Jenckes et l\u2019\u00e9tang Arthur-N.-Langford, tous deux associ\u00e9s directement \u00e0 l&rsquo;hydrographie de la tourbi\u00e8re de Johnville.<\/p>\n<p>La tourbi\u00e8re de Johnville est caract\u00e9ris\u00e9e par la pr\u00e9sence d\u2019un esker, une zone de d\u00e9p\u00f4ts fluvioglaciaires de sable et de gravier form\u00e9e par l\u2019\u00e9coulement des eaux sous le glacier. C\u2019est la pr\u00e9sence de cet esker \u00e0 l\u2019ouest et au sud, associ\u00e9e \u00e0 la pr\u00e9sence de d\u00e9p\u00f4ts imperm\u00e9ables comme l\u2019argile, qui aurait emp\u00each\u00e9 le drainage des terres plus \u00e0 l\u2019est et favoris\u00e9 l\u2019accumulation de mati\u00e8re organique ayant men\u00e9 \u00e0 la formation de la tourbi\u00e8re de Johnville. La pr\u00e9sence de l\u2019esker vient affecter la topographie entourant la tourbi\u00e8re en cr\u00e9ant une succession de buttes et de d\u00e9pressions, affectant ainsi la localisation des diff\u00e9rents peuplements forestiers.<\/p>\n<p>Les tourbi\u00e8res se cat\u00e9gorisent en deux groupes principaux, soit les tourbi\u00e8res ombrotrophes (bog) et les tourbi\u00e8res min\u00e9rophiles (fen).<\/p>\n<p><strong>Les \u00e9cosyst\u00e8mes de la tourbi\u00e8re de Johnville,<\/strong> c&rsquo;est une vari\u00e9t\u00e9 d\u2019\u00e9cosyst\u00e8mes dont la <b>pessi\u00e8re \u00e0 sphaignes, la c\u00e9dri\u00e8re humide, la prucheraie et les \u00e9rabli\u00e8res mixtes<\/b> mais aussi :<strong><br><\/strong><\/p>\t\t\t\t\t\t\t\t<\/div>\n\t\t\t\t<\/div>\n\t\t\t\t\t<\/div>\n\t\t<\/div>\n\t\t\t\t\t<\/div>\n\t\t<\/section>\n\t\t\t\t\t<\/div>\n\t\t<\/div>\n\t\t\t\t\t<\/div>\n\t\t<\/section>\n\t\t\t\t<section class=\"elementor-section elementor-top-section elementor-element elementor-element-8d452e9 elementor-section-height-min-height elementor-section-boxed elementor-section-height-default elementor-section-items-middle\" data-id=\"8d452e9\" data-element_type=\"section\" data-settings=\"{&quot;background_background&quot;:&quot;classic&quot;}\">\n\t\t\t\t\t\t<div class=\"elementor-container elementor-column-gap-default\">\n\t\t\t\t\t<div class=\"elementor-column elementor-col-100 elementor-top-column elementor-element elementor-element-6e3b578\" data-id=\"6e3b578\" data-element_type=\"column\">\n\t\t\t<div class=\"elementor-widget-wrap elementor-element-populated\">\n\t\t\t\t\t\t<section class=\"elementor-section elementor-inner-section elementor-element elementor-element-6d81dd2 elementor-section-boxed elementor-section-height-default elementor-section-height-default\" data-id=\"6d81dd2\" data-element_type=\"section\">\n\t\t\t\t\t\t<div class=\"elementor-container elementor-column-gap-default\">\n\t\t\t\t\t<div class=\"elementor-column elementor-col-33 elementor-inner-column elementor-element elementor-element-3d3d6f2\" data-id=\"3d3d6f2\" data-element_type=\"column\" data-settings=\"{&quot;background_background&quot;:&quot;classic&quot;}\">\n\t\t\t<div class=\"elementor-widget-wrap elementor-element-populated\">\n\t\t\t\t\t\t<div class=\"elementor-element elementor-element-3c70341 elementor-widget elementor-widget-text-editor\" data-id=\"3c70341\" data-element_type=\"widget\" data-widget_type=\"text-editor.default\">\n\t\t\t\t<div class=\"elementor-widget-container\">\n\t\t\t\t\t\t\t\t\t<p style=\"text-align: center;\"><span style=\"font-size: 150%;\">34<\/span><br \/>esp\u00e8ces de mousses et plus de 350 esp\u00e8ces de plantes vasculaires<\/p>\t\t\t\t\t\t\t\t<\/div>\n\t\t\t\t<\/div>\n\t\t\t\t\t<\/div>\n\t\t<\/div>\n\t\t\t\t<div class=\"elementor-column elementor-col-33 elementor-inner-column elementor-element elementor-element-72ffb09\" data-id=\"72ffb09\" data-element_type=\"column\" data-settings=\"{&quot;background_background&quot;:&quot;classic&quot;}\">\n\t\t\t<div class=\"elementor-widget-wrap elementor-element-populated\">\n\t\t\t\t\t\t<div class=\"elementor-element elementor-element-4b4e5e3 elementor-widget elementor-widget-text-editor\" data-id=\"4b4e5e3\" data-element_type=\"widget\" data-widget_type=\"text-editor.default\">\n\t\t\t\t<div class=\"elementor-widget-container\">\n\t\t\t\t\t\t\t\t\t<p><span style=\"font-size: 150%;\">113<\/span><br \/>esp\u00e8ces d\u2019oiseaux<\/p>\t\t\t\t\t\t\t\t<\/div>\n\t\t\t\t<\/div>\n\t\t\t\t\t<\/div>\n\t\t<\/div>\n\t\t\t\t<div class=\"elementor-column elementor-col-33 elementor-inner-column elementor-element elementor-element-086802d\" data-id=\"086802d\" data-element_type=\"column\" data-settings=\"{&quot;background_background&quot;:&quot;classic&quot;}\">\n\t\t\t<div class=\"elementor-widget-wrap elementor-element-populated\">\n\t\t\t\t\t\t<div class=\"elementor-element elementor-element-b0cc7dc elementor-widget elementor-widget-text-editor\" data-id=\"b0cc7dc\" data-element_type=\"widget\" data-widget_type=\"text-editor.default\">\n\t\t\t\t<div class=\"elementor-widget-container\">\n\t\t\t\t\t\t\t\t\t<p style=\"text-align: center;\"><span style=\"font-size: 150%;\">12<\/span><br \/>esp\u00e8ces d\u2019amphibiens <br \/>et 2 de reptiles<\/p>\t\t\t\t\t\t\t\t<\/div>\n\t\t\t\t<\/div>\n\t\t\t\t\t<\/div>\n\t\t<\/div>\n\t\t\t\t\t<\/div>\n\t\t<\/section>\n\t\t\t\t\t<\/div>\n\t\t<\/div>\n\t\t\t\t\t<\/div>\n\t\t<\/section>\n\t\t\t\t<section class=\"elementor-section elementor-top-section elementor-element elementor-element-4605a08 elementor-section-boxed elementor-section-height-default elementor-section-height-default\" data-id=\"4605a08\" data-element_type=\"section\">\n\t\t\t\t\t\t<div class=\"elementor-container elementor-column-gap-default\">\n\t\t\t\t\t<div class=\"elementor-column elementor-col-100 elementor-top-column elementor-element elementor-element-f48a43e\" data-id=\"f48a43e\" data-element_type=\"column\">\n\t\t\t<div class=\"elementor-widget-wrap elementor-element-populated\">\n\t\t\t\t\t\t<div class=\"elementor-element elementor-element-54e6ca5 elementor-widget elementor-widget-text-editor\" data-id=\"54e6ca5\" data-element_type=\"widget\" data-widget_type=\"text-editor.default\">\n\t\t\t\t<div class=\"elementor-widget-container\">\n\t\t\t\t\t\t\t\t\t<p><strong>Les partenaires du projet\u00a0:<\/strong><\/p>\t\t\t\t\t\t\t\t<\/div>\n\t\t\t\t<\/div>\n\t\t\t\t\t<\/div>\n\t\t<\/div>\n\t\t\t\t\t<\/div>\n\t\t<\/section>\n\t\t\t\t<section class=\"elementor-section elementor-top-section elementor-element elementor-element-6413b24 elementor-section-boxed elementor-section-height-default elementor-section-height-default\" data-id=\"6413b24\" data-element_type=\"section\">\n\t\t\t\t\t\t<div class=\"elementor-container elementor-column-gap-default\">\n\t\t\t\t\t<div class=\"elementor-column elementor-col-20 elementor-top-column elementor-element elementor-element-f3c4ada\" data-id=\"f3c4ada\" data-element_type=\"column\">\n\t\t\t<div class=\"elementor-widget-wrap elementor-element-populated\">\n\t\t\t\t\t\t<div class=\"elementor-element elementor-element-2bac90f elementor-widget elementor-widget-image\" data-id=\"2bac90f\" data-element_type=\"widget\" data-widget_type=\"image.default\">\n\t\t\t\t<div class=\"elementor-widget-container\">\n\t\t\t\t\t\t\t\t\t\t\t\t\t\t\t\t<a href=\"https:\/\/www.usherbrooke.ca\/\" target=\"_blank\">\n\t\t\t\t\t\t\t<img decoding=\"async\" width=\"200\" height=\"74\" src=\"https:\/\/naturecantonsdelest.ca\/nce\/wp-content\/uploads\/2022\/06\/logo_UdeS.jpg\" class=\"attachment-full size-full wp-image-432\" alt=\"\" \/>\t\t\t\t\t\t\t\t<\/a>\n\t\t\t\t\t\t\t\t\t\t\t\t\t\t\t<\/div>\n\t\t\t\t<\/div>\n\t\t\t\t\t<\/div>\n\t\t<\/div>\n\t\t\t\t<div class=\"elementor-column elementor-col-20 elementor-top-column elementor-element elementor-element-f01b15c\" data-id=\"f01b15c\" data-element_type=\"column\">\n\t\t\t<div class=\"elementor-widget-wrap elementor-element-populated\">\n\t\t\t\t\t\t<div class=\"elementor-element elementor-element-6c39ed0 elementor-widget elementor-widget-image\" data-id=\"6c39ed0\" data-element_type=\"widget\" data-widget_type=\"image.default\">\n\t\t\t\t<div class=\"elementor-widget-container\">\n\t\t\t\t\t\t\t\t\t\t\t\t\t\t\t\t<a href=\"https:\/\/www.ubishops.ca\/fr\/\" target=\"_blank\">\n\t\t\t\t\t\t\t<img decoding=\"async\" width=\"159\" height=\"74\" src=\"https:\/\/naturecantonsdelest.ca\/nce\/wp-content\/uploads\/2022\/06\/logo_universite-bishop.jpg\" class=\"attachment-full size-full wp-image-433\" alt=\"Universite Bishop\" \/>\t\t\t\t\t\t\t\t<\/a>\n\t\t\t\t\t\t\t\t\t\t\t\t\t\t\t<\/div>\n\t\t\t\t<\/div>\n\t\t\t\t\t<\/div>\n\t\t<\/div>\n\t\t\t\t<div class=\"elementor-column elementor-col-20 elementor-top-column elementor-element elementor-element-1e4eb8a\" data-id=\"1e4eb8a\" data-element_type=\"column\">\n\t\t\t<div class=\"elementor-widget-wrap elementor-element-populated\">\n\t\t\t\t\t\t<div class=\"elementor-element elementor-element-852c176 elementor-widget elementor-widget-image\" data-id=\"852c176\" data-element_type=\"widget\" data-widget_type=\"image.default\">\n\t\t\t\t<div class=\"elementor-widget-container\">\n\t\t\t\t\t\t\t\t\t\t\t\t\t\t\t\t<a href=\"https:\/\/fondationdelafaune.qc.ca\/\" target=\"_blank\">\n\t\t\t\t\t\t\t<img loading=\"lazy\" decoding=\"async\" width=\"146\" height=\"121\" src=\"https:\/\/naturecantonsdelest.ca\/nce\/wp-content\/uploads\/2022\/06\/logo-ffq.jpg\" class=\"attachment-full size-full wp-image-366\" alt=\"Fondation Faune Quebec\" \/>\t\t\t\t\t\t\t\t<\/a>\n\t\t\t\t\t\t\t\t\t\t\t\t\t\t\t<\/div>\n\t\t\t\t<\/div>\n\t\t\t\t\t<\/div>\n\t\t<\/div>\n\t\t\t\t<div class=\"elementor-column elementor-col-20 elementor-top-column elementor-element elementor-element-1794875\" data-id=\"1794875\" data-element_type=\"column\">\n\t\t\t<div class=\"elementor-widget-wrap elementor-element-populated\">\n\t\t\t\t\t\t<div class=\"elementor-element elementor-element-b0ed724 elementor-widget elementor-widget-image\" data-id=\"b0ed724\" data-element_type=\"widget\" data-widget_type=\"image.default\">\n\t\t\t\t<div class=\"elementor-widget-container\">\n\t\t\t\t\t\t\t\t\t\t\t\t\t\t\t\t<a href=\"https:\/\/www.environnement.gouv.qc.ca\/\" target=\"_blank\">\n\t\t\t\t\t\t\t<img loading=\"lazy\" decoding=\"async\" width=\"195\" height=\"90\" src=\"https:\/\/naturecantonsdelest.ca\/nce\/wp-content\/uploads\/2022\/06\/logo-environement-quebec.jpg\" class=\"attachment-large size-large wp-image-370\" alt=\"Environnement Quebec\" \/>\t\t\t\t\t\t\t\t<\/a>\n\t\t\t\t\t\t\t\t\t\t\t\t\t\t\t<\/div>\n\t\t\t\t<\/div>\n\t\t\t\t\t<\/div>\n\t\t<\/div>\n\t\t\t\t<div class=\"elementor-column elementor-col-20 elementor-top-column elementor-element elementor-element-d937445\" data-id=\"d937445\" data-element_type=\"column\">\n\t\t\t<div class=\"elementor-widget-wrap elementor-element-populated\">\n\t\t\t\t\t\t<div class=\"elementor-element elementor-element-19dbb34 elementor-widget elementor-widget-image\" data-id=\"19dbb34\" data-element_type=\"widget\" data-widget_type=\"image.default\">\n\t\t\t\t<div class=\"elementor-widget-container\">\n\t\t\t\t\t\t\t\t\t\t\t\t\t\t\t<img loading=\"lazy\" decoding=\"async\" width=\"200\" height=\"74\" src=\"https:\/\/naturecantonsdelest.ca\/nce\/wp-content\/uploads\/2022\/06\/logo-commission-regional-RNT-estrie.jpg\" class=\"attachment-large size-large wp-image-434\" alt=\"\" \/>\t\t\t\t\t\t\t\t\t\t\t\t\t\t\t<\/div>\n\t\t\t\t<\/div>\n\t\t\t\t\t<\/div>\n\t\t<\/div>\n\t\t\t\t\t<\/div>\n\t\t<\/section>\n\t\t\t\t<\/div>\n\t\t","protected":false},"excerpt":{"rendered":"<p>P\u00d4LE DE CONSERVATION\u00a0 Tourbi\u00e8re de Johnville et Ruisseau Racey Restauration et protection des mileux naturels Dans le pass\u00e9, une partie de la tourbi\u00e8re appartenait \u00e0 la Ville de Lennoxville qui, par plusieurs acquisitions de terrains au 20e si\u00e8cle, poursuivait l\u2019objectif de s\u00e9curiser son approvisionnement en eau potable. L\u2019eau de l\u2019esker fut d\u2019ailleurs la principale source [&hellip;]<\/p>\n","protected":false},"author":1,"featured_media":8,"parent":0,"menu_order":0,"comment_status":"closed","ping_status":"closed","template":"elementor_header_footer","meta":{"_monsterinsights_skip_tracking":false,"_monsterinsights_sitenote_active":false,"_monsterinsights_sitenote_note":"","_monsterinsights_sitenote_category":0,"footnotes":""},"aioseo_notices":[],"_links":{"self":[{"href":"https:\/\/naturecantonsdelest.ca\/nce\/wp-json\/wp\/v2\/pages\/427"}],"collection":[{"href":"https:\/\/naturecantonsdelest.ca\/nce\/wp-json\/wp\/v2\/pages"}],"about":[{"href":"https:\/\/naturecantonsdelest.ca\/nce\/wp-json\/wp\/v2\/types\/page"}],"author":[{"embeddable":true,"href":"https:\/\/naturecantonsdelest.ca\/nce\/wp-json\/wp\/v2\/users\/1"}],"replies":[{"embeddable":true,"href":"https:\/\/naturecantonsdelest.ca\/nce\/wp-json\/wp\/v2\/comments?post=427"}],"version-history":[{"count":41,"href":"https:\/\/naturecantonsdelest.ca\/nce\/wp-json\/wp\/v2\/pages\/427\/revisions"}],"predecessor-version":[{"id":743,"href":"https:\/\/naturecantonsdelest.ca\/nce\/wp-json\/wp\/v2\/pages\/427\/revisions\/743"}],"wp:featuredmedia":[{"embeddable":true,"href":"https:\/\/naturecantonsdelest.ca\/nce\/wp-json\/wp\/v2\/media\/8"}],"wp:attachment":[{"href":"https:\/\/naturecantonsdelest.ca\/nce\/wp-json\/wp\/v2\/media?parent=427"}],"curies":[{"name":"wp","href":"https:\/\/api.w.org\/{rel}","templated":true}]}}