{"id":569,"date":"2022-06-30T21:19:08","date_gmt":"2022-06-30T21:19:08","guid":{"rendered":"https:\/\/naturecantonsdelest.ca\/nce\/?page_id=569"},"modified":"2025-02-12T15:43:37","modified_gmt":"2025-02-12T15:43:37","slug":"parc-johnville","status":"publish","type":"page","link":"https:\/\/naturecantonsdelest.ca\/nce\/parc-johnville\/","title":{"rendered":"Parc Johnville"},"content":{"rendered":"\t\t<div data-elementor-type=\"wp-post\" data-elementor-id=\"569\" class=\"elementor elementor-569\" data-elementor-post-type=\"page\">\n\t\t\t\t\t\t<section class=\"elementor-section elementor-top-section elementor-element elementor-element-5a4bd9c elementor-section-height-min-height elementor-section-items-bottom elementor-section-boxed elementor-section-height-default\" data-id=\"5a4bd9c\" data-element_type=\"section\" data-settings=\"{&quot;background_background&quot;:&quot;classic&quot;}\">\n\t\t\t\t\t\t<div class=\"elementor-container elementor-column-gap-default\">\n\t\t\t\t\t<div class=\"elementor-column elementor-col-100 elementor-top-column elementor-element elementor-element-57a5bb0\" data-id=\"57a5bb0\" data-element_type=\"column\">\n\t\t\t<div class=\"elementor-widget-wrap elementor-element-populated\">\n\t\t\t\t\t\t<div class=\"elementor-element elementor-element-5325c74 elementor-widget elementor-widget-text-editor\" data-id=\"5325c74\" data-element_type=\"widget\" data-widget_type=\"text-editor.default\">\n\t\t\t\t<div class=\"elementor-widget-container\">\n\t\t\t\t\t\t\t\t\t<p>PARC \u00c9COFORESTIER DE <b>Johnville<\/b><\/p>\t\t\t\t\t\t\t\t<\/div>\n\t\t\t\t<\/div>\n\t\t\t\t\t<\/div>\n\t\t<\/div>\n\t\t\t\t\t<\/div>\n\t\t<\/section>\n\t\t\t\t<section class=\"elementor-section elementor-top-section elementor-element elementor-element-11d6148 elementor-section-boxed elementor-section-height-default elementor-section-height-default\" data-id=\"11d6148\" data-element_type=\"section\" data-settings=\"{&quot;background_background&quot;:&quot;classic&quot;}\">\n\t\t\t\t\t\t<div class=\"elementor-container elementor-column-gap-default\">\n\t\t\t\t\t<div class=\"elementor-column elementor-col-100 elementor-top-column elementor-element elementor-element-a0db550\" data-id=\"a0db550\" data-element_type=\"column\">\n\t\t\t<div class=\"elementor-widget-wrap elementor-element-populated\">\n\t\t\t\t\t\t<div class=\"elementor-element elementor-element-c9e9743 elementor-widget elementor-widget-heading\" data-id=\"c9e9743\" data-element_type=\"widget\" data-widget_type=\"heading.default\">\n\t\t\t\t<div class=\"elementor-widget-container\">\n\t\t\t\t\t<h2 class=\"elementor-heading-title elementor-size-default\">Place au d\u00e9paysement au Parc \u00e9coforestier de Johnville !<\/h2>\t\t\t\t<\/div>\n\t\t\t\t<\/div>\n\t\t\t\t\t<\/div>\n\t\t<\/div>\n\t\t\t\t\t<\/div>\n\t\t<\/section>\n\t\t\t\t<section class=\"elementor-section elementor-top-section elementor-element elementor-element-124a333 elementor-section-boxed elementor-section-height-default elementor-section-height-default\" data-id=\"124a333\" data-element_type=\"section\" data-settings=\"{&quot;background_background&quot;:&quot;classic&quot;}\">\n\t\t\t\t\t\t<div class=\"elementor-container elementor-column-gap-default\">\n\t\t\t\t\t<div class=\"elementor-column elementor-col-100 elementor-top-column elementor-element elementor-element-8c391ed\" data-id=\"8c391ed\" data-element_type=\"column\">\n\t\t\t<div class=\"elementor-widget-wrap elementor-element-populated\">\n\t\t\t\t\t\t<section class=\"elementor-section elementor-inner-section elementor-element elementor-element-e333ca0 elementor-section-boxed elementor-section-height-default elementor-section-height-default\" data-id=\"e333ca0\" data-element_type=\"section\">\n\t\t\t\t\t\t<div class=\"elementor-container elementor-column-gap-default\">\n\t\t\t\t\t<div class=\"elementor-column elementor-col-50 elementor-inner-column elementor-element elementor-element-d48e8f5\" data-id=\"d48e8f5\" data-element_type=\"column\">\n\t\t\t<div class=\"elementor-widget-wrap elementor-element-populated\">\n\t\t\t\t\t\t<div class=\"elementor-element elementor-element-3cafc48 elementor-widget elementor-widget-text-editor\" data-id=\"3cafc48\" data-element_type=\"widget\" data-widget_type=\"text-editor.default\">\n\t\t\t\t<div class=\"elementor-widget-container\">\n\t\t\t\t\t\t\t\t\t<p>Le Parc \u00e9coforestier de Johnville est une aire prot\u00e9g\u00e9e et une station de recherche \u00e9tant la copropri\u00e9t\u00e9 de l\u2019<strong>Universit\u00e9 de Sherbrooke<\/strong>, l\u2019<strong>Universit\u00e9 de Bishop<\/strong> et l\u2019organisme de conservation <strong>Nature Cantons-de-l\u2019Est<\/strong>. En plus de sa vocation de formation et de recherche scientifique, le Parc est accessible au public pour la pratique d\u2019activit\u00e9s de plein-air telles la randonn\u00e9e et la raquette.<\/p>\n<p>Rares pour la r\u00e9gion des Cantons-de-l&rsquo;Est, les \u00e9cosyst\u00e8mes du Parc lui conf\u00e8rent une diversit\u00e9 remarquable d&rsquo;habitats et une faune et une flore riches que vous pourrez observer tout au long des <strong>5,8 kilom\u00e8tres de sentiers p\u00e9destres<\/strong>&nbsp;qu&rsquo;on y trouve.<\/p>\n<p>Que ce soit pour en apprendre davantage sur l&rsquo;\u00e9cologie des tourbi\u00e8res et sur la derni\u00e8re \u00e8re glaciaire, ou tout simplement pour profiter d&rsquo;un agr\u00e9able moment de d\u00e9tente, le Parc vous offre <strong>un circuit de quatre sentiers p\u00e9destres<\/strong> (L&rsquo;\u00c9tang, La Tourbi\u00e8re, L&rsquo;Esker et La Faune) et quatre sentiers de <strong>ski et de raquette durant l&rsquo;hiver<\/strong> (8,5 km).<\/p>\n<p>Le Parc est ouvert de <strong>8h00 jusqu&rsquo;au coucher du soleil, et l&rsquo;entr\u00e9e est gratuite pour les visiteurs r\u00e9guliers. <\/strong>Pour les activit\u00e9s sp\u00e9ciales et de groupes, incluant les activit\u00e9s d&rsquo;interpr\u00e9tation offertes, pri\u00e8re de contacter <a href=\"mailto:info@naturecantonsdelest.ca\">Nature Cantons-de-l&rsquo;Est<\/a>.<\/p>\t\t\t\t\t\t\t\t<\/div>\n\t\t\t\t<\/div>\n\t\t\t\t<div class=\"elementor-element elementor-element-adb3848 elementor-widget elementor-widget-heading\" data-id=\"adb3848\" data-element_type=\"widget\" data-widget_type=\"heading.default\">\n\t\t\t\t<div class=\"elementor-widget-container\">\n\t\t\t\t\t<h2 class=\"elementor-heading-title elementor-size-default\">Acc\u00e8s<\/h2>\t\t\t\t<\/div>\n\t\t\t\t<\/div>\n\t\t\t\t<div class=\"elementor-element elementor-element-b4163b3 elementor-widget elementor-widget-text-editor\" data-id=\"b4163b3\" data-element_type=\"widget\" data-widget_type=\"text-editor.default\">\n\t\t\t\t<div class=\"elementor-widget-container\">\n\t\t\t\t\t\t\t\t\t<p>Situ\u00e9 dans la Ville de Cookshire-Eaton (secteur Johnville), le<b> Parc \u00e9coforestier de Johnville<\/b> vous convie \u00e0 une promenade dans une nature des plus d\u00e9paysantes, \u00e0 seulement 15 kilom\u00e8tres du centre-ville de Sherbrooke (10 km de l&rsquo;arrondissement de Lennoxville).<\/p><p>Le Parc \u00e9coforestier de Johnville est accessible toute l&rsquo;ann\u00e9e de <strong>8h jusqu&rsquo;au coucher du soleil<\/strong>.<\/p><p>On s&rsquo;y rend par le chemin North dans la<b> municipalit\u00e9 de Cookshire-Eaton<\/b> (secteur de Johnville).<\/p><p><b>\u00c0 partir de Sherbrooke<\/b>, empruntez la route 108 direction est. Tournez \u00e0 droite sur la route 251 direction sud jusqu&rsquo;\u00e0 Johnville. \u00c0 l&rsquo;entr\u00e9e du village, tournez \u00e0 gauche sur le chemin North. L&rsquo;entr\u00e9e du Parc est situ\u00e9e \u00e0 environ 1 km.<\/p><p><b>En provenance de Cookshire<\/b> sur la route 108 ouest, surveillez la localit\u00e9 de Sand Hill. Tournez \u00e0 gauche sur le chemin North jusqu&rsquo;\u00e0 l&rsquo;entr\u00e9e du Parc \u00e0 environ 2,5 km.<\/p>\t\t\t\t\t\t\t\t<\/div>\n\t\t\t\t<\/div>\n\t\t\t\t\t<\/div>\n\t\t<\/div>\n\t\t\t\t<div class=\"elementor-column elementor-col-50 elementor-inner-column elementor-element elementor-element-6ee0510\" data-id=\"6ee0510\" data-element_type=\"column\">\n\t\t\t<div class=\"elementor-widget-wrap elementor-element-populated\">\n\t\t\t\t\t\t<div class=\"elementor-element elementor-element-b1eb24a elementor-widget elementor-widget-image\" data-id=\"b1eb24a\" data-element_type=\"widget\" data-widget_type=\"image.default\">\n\t\t\t\t<div class=\"elementor-widget-container\">\n\t\t\t\t\t\t\t\t\t\t\t\t\t\t\t<img fetchpriority=\"high\" decoding=\"async\" width=\"800\" height=\"325\" src=\"https:\/\/naturecantonsdelest.ca\/nce\/wp-content\/uploads\/2023\/01\/ParcEcoforestier_johnville_Final_outline-03-Copie-1024x416.jpg\" class=\"attachment-large size-large wp-image-1095\" alt=\"\" srcset=\"https:\/\/naturecantonsdelest.ca\/nce\/wp-content\/uploads\/2023\/01\/ParcEcoforestier_johnville_Final_outline-03-Copie-1024x416.jpg 1024w, https:\/\/naturecantonsdelest.ca\/nce\/wp-content\/uploads\/2023\/01\/ParcEcoforestier_johnville_Final_outline-03-Copie-300x122.jpg 300w, https:\/\/naturecantonsdelest.ca\/nce\/wp-content\/uploads\/2023\/01\/ParcEcoforestier_johnville_Final_outline-03-Copie-768x312.jpg 768w, https:\/\/naturecantonsdelest.ca\/nce\/wp-content\/uploads\/2023\/01\/ParcEcoforestier_johnville_Final_outline-03-Copie.jpg 1191w\" sizes=\"(max-width: 800px) 100vw, 800px\" \/>\t\t\t\t\t\t\t\t\t\t\t\t\t\t\t<\/div>\n\t\t\t\t<\/div>\n\t\t\t\t<div class=\"elementor-element elementor-element-4ba328d elementor-widget elementor-widget-heading\" data-id=\"4ba328d\" data-element_type=\"widget\" data-widget_type=\"heading.default\">\n\t\t\t\t<div class=\"elementor-widget-container\">\n\t\t\t\t\t<h2 class=\"elementor-heading-title elementor-size-default\">Cartes<\/h2>\t\t\t\t<\/div>\n\t\t\t\t<\/div>\n\t\t\t\t<div class=\"elementor-element elementor-element-e3d3652 elementor-widget elementor-widget-text-editor\" data-id=\"e3d3652\" data-element_type=\"widget\" data-widget_type=\"text-editor.default\">\n\t\t\t\t<div class=\"elementor-widget-container\">\n\t\t\t\t\t\t\t\t\t<p>\u00bb <a href=\"https:\/\/naturecantonsdelest.ca\/documents\/carte-sentier.pdf\" target=\"_blank\" rel=\"noopener\"><b>Carte des sentiers p\u00e9destres<\/b><\/a><br \/>\u00bb <b><a href=\"https:\/\/naturecantonsdelest.ca\/documents\/depliant_parcjohnville.pdf\" target=\"_blank\" rel=\"noopener\">T\u00e9l\u00e9chargez le d\u00e9pliant du Parc<\/a><\/b><br \/>\u00bb <b><a href=\"https:\/\/naturecantonsdelest.ca\/documents\/Depliant-hiver2011.pdf\" target=\"_blank\" rel=\"noopener\">T\u00e9l\u00e9chargez la carte des sentiers <\/a><\/b>(Hiver)<\/p>\t\t\t\t\t\t\t\t<\/div>\n\t\t\t\t<\/div>\n\t\t\t\t<div class=\"elementor-element elementor-element-e7c98e6 elementor-widget elementor-widget-google_maps\" data-id=\"e7c98e6\" data-element_type=\"widget\" data-widget_type=\"google_maps.default\">\n\t\t\t\t<div class=\"elementor-widget-container\">\n\t\t\t\t\t\t\t<div class=\"elementor-custom-embed\">\n\t\t\t<iframe loading=\"lazy\"\n\t\t\t\t\tsrc=\"https:\/\/maps.google.com\/maps?q=parc%20ecoforestier%20johnville&#038;t=m&#038;z=10&#038;output=embed&#038;iwloc=near\"\n\t\t\t\t\ttitle=\"parc ecoforestier johnville\"\n\t\t\t\t\taria-label=\"parc ecoforestier johnville\"\n\t\t\t><\/iframe>\n\t\t<\/div>\n\t\t\t\t\t\t<\/div>\n\t\t\t\t<\/div>\n\t\t\t\t<div class=\"elementor-element elementor-element-c64d0ab elementor-widget elementor-widget-image\" data-id=\"c64d0ab\" data-element_type=\"widget\" data-widget_type=\"image.default\">\n\t\t\t\t<div class=\"elementor-widget-container\">\n\t\t\t\t\t\t\t\t\t\t\t\t\t\t\t<img decoding=\"async\" src=\"https:\/\/naturecantonsdelest.ca\/nce\/wp-content\/uploads\/elementor\/thumbs\/Logo_reseau-membre-r1cynty4nx897wzbjgpa916gj2nzm6jp6ztzkyxxhs.png\" title=\"Logo_r\u00e9seau-membre\" alt=\"Logo_r\u00e9seau-membre\" loading=\"lazy\" \/>\t\t\t\t\t\t\t\t\t\t\t\t\t\t\t<\/div>\n\t\t\t\t<\/div>\n\t\t\t\t\t<\/div>\n\t\t<\/div>\n\t\t\t\t\t<\/div>\n\t\t<\/section>\n\t\t\t\t\t<\/div>\n\t\t<\/div>\n\t\t\t\t\t<\/div>\n\t\t<\/section>\n\t\t\t\t<section class=\"elementor-section elementor-top-section elementor-element elementor-element-411cef4 elementor-section-boxed elementor-section-height-default elementor-section-height-default\" data-id=\"411cef4\" data-element_type=\"section\">\n\t\t\t\t\t\t<div class=\"elementor-container elementor-column-gap-default\">\n\t\t\t\t\t<div class=\"elementor-column elementor-col-50 elementor-top-column elementor-element elementor-element-7837d36\" data-id=\"7837d36\" data-element_type=\"column\">\n\t\t\t<div class=\"elementor-widget-wrap elementor-element-populated\">\n\t\t\t\t\t\t<div class=\"elementor-element elementor-element-ea56fb3 elementor-widget elementor-widget-image\" data-id=\"ea56fb3\" data-element_type=\"widget\" data-widget_type=\"image.default\">\n\t\t\t\t<div class=\"elementor-widget-container\">\n\t\t\t\t\t\t\t\t\t\t\t\t\t\t\t<img decoding=\"async\" width=\"757\" height=\"265\" src=\"https:\/\/naturecantonsdelest.ca\/nce\/wp-content\/uploads\/2023\/06\/UdeS_logo_h_rgbLR.png\" class=\"attachment-large size-large wp-image-1110\" alt=\"\" srcset=\"https:\/\/naturecantonsdelest.ca\/nce\/wp-content\/uploads\/2023\/06\/UdeS_logo_h_rgbLR.png 757w, https:\/\/naturecantonsdelest.ca\/nce\/wp-content\/uploads\/2023\/06\/UdeS_logo_h_rgbLR-300x105.png 300w\" sizes=\"(max-width: 757px) 100vw, 757px\" \/>\t\t\t\t\t\t\t\t\t\t\t\t\t\t\t<\/div>\n\t\t\t\t<\/div>\n\t\t\t\t\t<\/div>\n\t\t<\/div>\n\t\t\t\t<div class=\"elementor-column elementor-col-50 elementor-top-column elementor-element elementor-element-8f96f3e\" data-id=\"8f96f3e\" data-element_type=\"column\">\n\t\t\t<div class=\"elementor-widget-wrap elementor-element-populated\">\n\t\t\t\t\t\t<div class=\"elementor-element elementor-element-ac9830d elementor-widget elementor-widget-image\" data-id=\"ac9830d\" data-element_type=\"widget\" data-widget_type=\"image.default\">\n\t\t\t\t<div class=\"elementor-widget-container\">\n\t\t\t\t\t\t\t\t\t\t\t\t\t\t\t<img decoding=\"async\" width=\"800\" height=\"281\" src=\"https:\/\/naturecantonsdelest.ca\/nce\/wp-content\/uploads\/2023\/01\/BU-logo-purpleHR-1024x360.png\" class=\"attachment-large size-large wp-image-1092\" alt=\"\" srcset=\"https:\/\/naturecantonsdelest.ca\/nce\/wp-content\/uploads\/2023\/01\/BU-logo-purpleHR-1024x360.png 1024w, https:\/\/naturecantonsdelest.ca\/nce\/wp-content\/uploads\/2023\/01\/BU-logo-purpleHR-300x106.png 300w, https:\/\/naturecantonsdelest.ca\/nce\/wp-content\/uploads\/2023\/01\/BU-logo-purpleHR-768x270.png 768w, https:\/\/naturecantonsdelest.ca\/nce\/wp-content\/uploads\/2023\/01\/BU-logo-purpleHR-1536x540.png 1536w, https:\/\/naturecantonsdelest.ca\/nce\/wp-content\/uploads\/2023\/01\/BU-logo-purpleHR-2048x720.png 2048w\" sizes=\"(max-width: 800px) 100vw, 800px\" \/>\t\t\t\t\t\t\t\t\t\t\t\t\t\t\t<\/div>\n\t\t\t\t<\/div>\n\t\t\t\t\t<\/div>\n\t\t<\/div>\n\t\t\t\t\t<\/div>\n\t\t<\/section>\n\t\t\t\t<\/div>\n\t\t","protected":false},"excerpt":{"rendered":"<p>PARC \u00c9COFORESTIER DE Johnville Place au d\u00e9paysement au Parc \u00e9coforestier de Johnville ! Le Parc \u00e9coforestier de Johnville est une aire prot\u00e9g\u00e9e et une station de recherche \u00e9tant la copropri\u00e9t\u00e9 de l\u2019Universit\u00e9 de Sherbrooke, l\u2019Universit\u00e9 de Bishop et l\u2019organisme de conservation Nature Cantons-de-l\u2019Est. En plus de sa vocation de formation et de recherche scientifique, le [&hellip;]<\/p>\n","protected":false},"author":1,"featured_media":8,"parent":0,"menu_order":0,"comment_status":"closed","ping_status":"closed","template":"elementor_header_footer","meta":{"_monsterinsights_skip_tracking":false,"_monsterinsights_sitenote_active":false,"_monsterinsights_sitenote_note":"","_monsterinsights_sitenote_category":0,"footnotes":""},"aioseo_notices":[],"_links":{"self":[{"href":"https:\/\/naturecantonsdelest.ca\/nce\/wp-json\/wp\/v2\/pages\/569"}],"collection":[{"href":"https:\/\/naturecantonsdelest.ca\/nce\/wp-json\/wp\/v2\/pages"}],"about":[{"href":"https:\/\/naturecantonsdelest.ca\/nce\/wp-json\/wp\/v2\/types\/page"}],"author":[{"embeddable":true,"href":"https:\/\/naturecantonsdelest.ca\/nce\/wp-json\/wp\/v2\/users\/1"}],"replies":[{"embeddable":true,"href":"https:\/\/naturecantonsdelest.ca\/nce\/wp-json\/wp\/v2\/comments?post=569"}],"version-history":[{"count":42,"href":"https:\/\/naturecantonsdelest.ca\/nce\/wp-json\/wp\/v2\/pages\/569\/revisions"}],"predecessor-version":[{"id":1427,"href":"https:\/\/naturecantonsdelest.ca\/nce\/wp-json\/wp\/v2\/pages\/569\/revisions\/1427"}],"wp:featuredmedia":[{"embeddable":true,"href":"https:\/\/naturecantonsdelest.ca\/nce\/wp-json\/wp\/v2\/media\/8"}],"wp:attachment":[{"href":"https:\/\/naturecantonsdelest.ca\/nce\/wp-json\/wp\/v2\/media?parent=569"}],"curies":[{"name":"wp","href":"https:\/\/api.w.org\/{rel}","templated":true}]}}