{"id":796,"date":"2022-09-05T14:19:13","date_gmt":"2022-09-05T14:19:13","guid":{"rendered":"https:\/\/naturecantonsdelest.ca\/nce\/?page_id=796"},"modified":"2025-02-19T20:32:54","modified_gmt":"2025-02-19T20:32:54","slug":"organization","status":"publish","type":"page","link":"https:\/\/naturecantonsdelest.ca\/nce\/organization\/","title":{"rendered":"Notre Organisation &#8211; EN"},"content":{"rendered":"\t\t<div data-elementor-type=\"wp-post\" data-elementor-id=\"796\" class=\"elementor elementor-796\" data-elementor-post-type=\"page\">\n\t\t\t\t\t\t<section class=\"elementor-section elementor-top-section elementor-element elementor-element-5a4bd9c elementor-section-height-min-height elementor-section-items-bottom elementor-section-boxed elementor-section-height-default\" data-id=\"5a4bd9c\" data-element_type=\"section\" data-settings=\"{&quot;background_background&quot;:&quot;classic&quot;}\">\n\t\t\t\t\t\t<div class=\"elementor-container elementor-column-gap-default\">\n\t\t\t\t\t<div class=\"elementor-column elementor-col-100 elementor-top-column elementor-element elementor-element-57a5bb0\" data-id=\"57a5bb0\" data-element_type=\"column\">\n\t\t\t<div class=\"elementor-widget-wrap elementor-element-populated\">\n\t\t\t\t\t\t<div class=\"elementor-element elementor-element-5325c74 elementor-widget elementor-widget-text-editor\" data-id=\"5325c74\" data-element_type=\"widget\" data-widget_type=\"text-editor.default\">\n\t\t\t\t<div class=\"elementor-widget-container\">\n\t\t\t\t\t\t\t\t\t<p>OUR<br \/><b>ORGANIZATION<\/b><\/p>\t\t\t\t\t\t\t\t<\/div>\n\t\t\t\t<\/div>\n\t\t\t\t\t<\/div>\n\t\t<\/div>\n\t\t\t\t\t<\/div>\n\t\t<\/section>\n\t\t\t\t<section class=\"elementor-section elementor-top-section elementor-element elementor-element-124a333 elementor-section-boxed elementor-section-height-default elementor-section-height-default\" data-id=\"124a333\" data-element_type=\"section\" data-settings=\"{&quot;background_background&quot;:&quot;classic&quot;}\">\n\t\t\t\t\t\t<div class=\"elementor-container elementor-column-gap-default\">\n\t\t\t\t\t<div class=\"elementor-column elementor-col-50 elementor-top-column elementor-element elementor-element-8c391ed\" data-id=\"8c391ed\" data-element_type=\"column\">\n\t\t\t<div class=\"elementor-widget-wrap elementor-element-populated\">\n\t\t\t\t\t\t<div class=\"elementor-element elementor-element-ec552b0 elementor-widget elementor-widget-heading\" data-id=\"ec552b0\" data-element_type=\"widget\" data-widget_type=\"heading.default\">\n\t\t\t\t<div class=\"elementor-widget-container\">\n\t\t\t\t\t<h2 class=\"elementor-heading-title elementor-size-default\">MISSION AND EXPERTISE<\/h2>\t\t\t\t<\/div>\n\t\t\t\t<\/div>\n\t\t\t\t<div class=\"elementor-element elementor-element-3cafc48 elementor-widget elementor-widget-text-editor\" data-id=\"3cafc48\" data-element_type=\"widget\" data-widget_type=\"text-editor.default\">\n\t\t\t\t<div class=\"elementor-widget-container\">\n\t\t\t\t\t\t\t\t\t<p>The mission of Nature Eastern Townships (NET) is to protect the natural heritage of the Eastern Townships for the benefit of present and futur generations.<\/p><p><strong>Values<\/strong><\/p><p>NET&rsquo;s mission is expressed through the values that are at the heart of all its projects and actions.<\/p><ul><li>Significant value of biodiversity and ecosystems<\/li><li>Primacy of protection within conservation<\/li><li>Common good and public interest<\/li><li>Intergenerational equity<\/li><li>Education and awareness<\/li><li>Scientific rigor<\/li><\/ul><p><strong><br \/>Expertise<\/strong><\/p><p>NET&rsquo;s professional team is equipped with the expertise and tools required to carry out a wide range of mandates related to its mission, whether on behalf of public institutions or the private sector. The protection of natural environments and the biodiversity they harbour is always a priority for the organization in all its endeavours.<\/p><ul><li>Characterization of natural environments for conservation purposes<\/li><li>Nature interpretation and animation activities<\/li><li>Development of natural environments for public access<\/li><li>Restoration of degraded natural environments<\/li><li>Compensation with net environmental gain<\/li><li>Search for financing<\/li><\/ul><p><u><strong><br \/><a href=\"https:\/\/naturecantonsdelest.ca\/nce\/conservation-projects\/\">\u00bbDISCOVER OUR VARIOUS CONSERVATION PROJECT<\/a><\/strong><\/u><\/p>\t\t\t\t\t\t\t\t<\/div>\n\t\t\t\t<\/div>\n\t\t\t\t\t<\/div>\n\t\t<\/div>\n\t\t\t\t<div class=\"elementor-column elementor-col-50 elementor-top-column elementor-element elementor-element-b37a236\" data-id=\"b37a236\" data-element_type=\"column\">\n\t\t\t<div class=\"elementor-widget-wrap elementor-element-populated\">\n\t\t\t\t\t\t<div class=\"elementor-element elementor-element-444cb51 elementor-widget elementor-widget-video\" data-id=\"444cb51\" data-element_type=\"widget\" data-settings=\"{&quot;youtube_url&quot;:&quot;https:\\\/\\\/www.youtube.com\\\/watch?v=aES40OA-PJ8&quot;,&quot;loop&quot;:&quot;yes&quot;,&quot;video_type&quot;:&quot;youtube&quot;,&quot;controls&quot;:&quot;yes&quot;}\" data-widget_type=\"video.default\">\n\t\t\t\t<div class=\"elementor-widget-container\">\n\t\t\t\t\t\t\t<div class=\"elementor-wrapper elementor-open-inline\">\n\t\t\t<div class=\"elementor-video\"><\/div>\t\t<\/div>\n\t\t\t\t\t\t<\/div>\n\t\t\t\t<\/div>\n\t\t\t\t<section class=\"elementor-section elementor-inner-section elementor-element elementor-element-e3a48e6 elementor-section-boxed elementor-section-height-default elementor-section-height-default\" data-id=\"e3a48e6\" data-element_type=\"section\" data-settings=\"{&quot;background_background&quot;:&quot;classic&quot;}\">\n\t\t\t\t\t\t<div class=\"elementor-container elementor-column-gap-default\">\n\t\t\t\t\t<div class=\"elementor-column elementor-col-100 elementor-inner-column elementor-element elementor-element-d7e9c5a\" data-id=\"d7e9c5a\" data-element_type=\"column\" data-settings=\"{&quot;background_background&quot;:&quot;classic&quot;}\">\n\t\t\t<div class=\"elementor-widget-wrap elementor-element-populated\">\n\t\t\t\t\t\t<div class=\"elementor-element elementor-element-9144f3a elementor-widget elementor-widget-heading\" data-id=\"9144f3a\" data-element_type=\"widget\" data-widget_type=\"heading.default\">\n\t\t\t\t<div class=\"elementor-widget-container\">\n\t\t\t\t\t<h2 class=\"elementor-heading-title elementor-size-default\">WANT TO BE PART OF THE TEAM?<\/h2>\t\t\t\t<\/div>\n\t\t\t\t<\/div>\n\t\t\t\t<div class=\"elementor-element elementor-element-2bc9f5a elementor-widget elementor-widget-text-editor\" data-id=\"2bc9f5a\" data-element_type=\"widget\" data-widget_type=\"text-editor.default\">\n\t\t\t\t<div class=\"elementor-widget-container\">\n\t\t\t\t\t\t\t\t\t<p><strong>Nature Eastern Townships<\/strong>\u00a0relies on several specialties from the\u00a0<strong>biological and environmental<\/strong>\u00a0fields to carry out its projects and promote its mission. If there are no job offers posted at this time,\u00a0<strong>please send us your <\/strong><a href=\"mailto:info@naturecantonsdelest.ca\"><span style=\"color: #ffff99;\">info@naturecantonsdelest.ca<\/span><\/a><\/p>\t\t\t\t\t\t\t\t<\/div>\n\t\t\t\t<\/div>\n\t\t\t\t\t<\/div>\n\t\t<\/div>\n\t\t\t\t\t<\/div>\n\t\t<\/section>\n\t\t\t\t\t<\/div>\n\t\t<\/div>\n\t\t\t\t\t<\/div>\n\t\t<\/section>\n\t\t\t\t<section class=\"elementor-section elementor-top-section elementor-element elementor-element-a032143 elementor-section-boxed elementor-section-height-default elementor-section-height-default\" data-id=\"a032143\" data-element_type=\"section\">\n\t\t\t\t\t\t<div class=\"elementor-container elementor-column-gap-default\">\n\t\t\t\t\t<div class=\"elementor-column elementor-col-100 elementor-top-column elementor-element elementor-element-c3eb74a\" data-id=\"c3eb74a\" data-element_type=\"column\">\n\t\t\t<div class=\"elementor-widget-wrap elementor-element-populated\">\n\t\t\t\t\t\t<div class=\"elementor-element elementor-element-c572713 elementor-widget elementor-widget-text-editor\" data-id=\"c572713\" data-element_type=\"widget\" data-widget_type=\"text-editor.default\">\n\t\t\t\t<div class=\"elementor-widget-container\">\n\t\t\t\t\t\t\t\t\t<p style=\"text-align: center;\">Nature Eastern-Township is a proud member of R\u00e9seau de milieux naturels prot\u00e9g\u00e9s and Coalition des Mont\u00e9r\u00e9gienne<\/p>\t\t\t\t\t\t\t\t<\/div>\n\t\t\t\t<\/div>\n\t\t\t\t\t<\/div>\n\t\t<\/div>\n\t\t\t\t\t<\/div>\n\t\t<\/section>\n\t\t\t\t<section class=\"elementor-section elementor-top-section elementor-element elementor-element-ae72e7a elementor-section-boxed elementor-section-height-default elementor-section-height-default\" data-id=\"ae72e7a\" data-element_type=\"section\">\n\t\t\t\t\t\t<div class=\"elementor-container elementor-column-gap-default\">\n\t\t\t\t\t<div class=\"elementor-column elementor-col-50 elementor-top-column elementor-element elementor-element-41affdb\" data-id=\"41affdb\" data-element_type=\"column\">\n\t\t\t<div class=\"elementor-widget-wrap elementor-element-populated\">\n\t\t\t\t\t\t<div data-premium-element-link=\"{&quot;type&quot;:&quot;url&quot;,&quot;link&quot;:{&quot;url&quot;:&quot;https:\\\/\\\/rmnat.org\\\/&quot;,&quot;is_external&quot;:&quot;&quot;,&quot;nofollow&quot;:&quot;&quot;,&quot;custom_attributes&quot;:&quot;&quot;},&quot;href&quot;:&quot;https:\\\/\\\/rmnat.org\\\/&quot;}\" style=\"cursor: pointer\" class=\"elementor-element elementor-element-40fe32c premium-wrapper-link-yes elementor-widget elementor-widget-image\" data-id=\"40fe32c\" data-element_type=\"widget\" data-widget_type=\"image.default\">\n\t\t\t\t<div class=\"elementor-widget-container\">\n\t\t\t\t\t\t\t\t\t\t\t\t\t\t\t<img decoding=\"async\" width=\"300\" height=\"112\" src=\"https:\/\/naturecantonsdelest.ca\/nce\/wp-content\/uploads\/2025\/01\/Logo-RMN_2018-couleurs-grand-300x112.png\" class=\"attachment-medium size-medium wp-image-1398\" alt=\"\" srcset=\"https:\/\/naturecantonsdelest.ca\/nce\/wp-content\/uploads\/2025\/01\/Logo-RMN_2018-couleurs-grand-300x112.png 300w, https:\/\/naturecantonsdelest.ca\/nce\/wp-content\/uploads\/2025\/01\/Logo-RMN_2018-couleurs-grand-1024x383.png 1024w, https:\/\/naturecantonsdelest.ca\/nce\/wp-content\/uploads\/2025\/01\/Logo-RMN_2018-couleurs-grand-768x287.png 768w, https:\/\/naturecantonsdelest.ca\/nce\/wp-content\/uploads\/2025\/01\/Logo-RMN_2018-couleurs-grand-1536x574.png 1536w, https:\/\/naturecantonsdelest.ca\/nce\/wp-content\/uploads\/2025\/01\/Logo-RMN_2018-couleurs-grand-2048x766.png 2048w\" sizes=\"(max-width: 300px) 100vw, 300px\" \/>\t\t\t\t\t\t\t\t\t\t\t\t\t\t\t<\/div>\n\t\t\t\t<\/div>\n\t\t\t\t\t<\/div>\n\t\t<\/div>\n\t\t\t\t<div class=\"elementor-column elementor-col-50 elementor-top-column elementor-element elementor-element-1d43149\" data-id=\"1d43149\" data-element_type=\"column\">\n\t\t\t<div class=\"elementor-widget-wrap elementor-element-populated\">\n\t\t\t\t\t\t<div data-premium-element-link=\"{&quot;type&quot;:&quot;url&quot;,&quot;link&quot;:{&quot;url&quot;:&quot;https:\\\/\\\/coalitionmonteregiennes.ca\\\/&quot;,&quot;is_external&quot;:&quot;&quot;,&quot;nofollow&quot;:&quot;&quot;,&quot;custom_attributes&quot;:&quot;&quot;},&quot;href&quot;:&quot;https:\\\/\\\/coalitionmonteregiennes.ca\\\/&quot;}\" style=\"cursor: pointer\" class=\"elementor-element elementor-element-9cbe424 premium-wrapper-link-yes elementor-widget elementor-widget-image\" data-id=\"9cbe424\" data-element_type=\"widget\" data-widget_type=\"image.default\">\n\t\t\t\t<div class=\"elementor-widget-container\">\n\t\t\t\t\t\t\t\t\t\t\t\t\t\t\t<img fetchpriority=\"high\" decoding=\"async\" width=\"800\" height=\"160\" src=\"https:\/\/naturecantonsdelest.ca\/nce\/wp-content\/uploads\/2025\/01\/Logos_crop.png\" class=\"attachment-large size-large wp-image-1400\" alt=\"\" srcset=\"https:\/\/naturecantonsdelest.ca\/nce\/wp-content\/uploads\/2025\/01\/Logos_crop.png 871w, https:\/\/naturecantonsdelest.ca\/nce\/wp-content\/uploads\/2025\/01\/Logos_crop-300x60.png 300w, https:\/\/naturecantonsdelest.ca\/nce\/wp-content\/uploads\/2025\/01\/Logos_crop-768x153.png 768w\" sizes=\"(max-width: 800px) 100vw, 800px\" \/>\t\t\t\t\t\t\t\t\t\t\t\t\t\t\t<\/div>\n\t\t\t\t<\/div>\n\t\t\t\t\t<\/div>\n\t\t<\/div>\n\t\t\t\t\t<\/div>\n\t\t<\/section>\n\t\t\t\t<section class=\"elementor-section elementor-top-section elementor-element elementor-element-564c579 elementor-section-height-min-height elementor-section-content-middle click-child pointer elementor-section-boxed elementor-section-height-default elementor-section-items-middle\" data-id=\"564c579\" data-element_type=\"section\" data-settings=\"{&quot;background_background&quot;:&quot;slideshow&quot;,&quot;background_slideshow_gallery&quot;:[{&quot;id&quot;:167,&quot;url&quot;:&quot;https:\\\/\\\/naturecantonsdelest.ca\\\/nce\\\/wp-content\\\/uploads\\\/2022\\\/06\\\/bg-projet-mont-megantic.jpg&quot;},{&quot;id&quot;:168,&quot;url&quot;:&quot;https:\\\/\\\/naturecantonsdelest.ca\\\/nce\\\/wp-content\\\/uploads\\\/2022\\\/06\\\/bg-projet-sherbrooke.jpg&quot;},{&quot;id&quot;:173,&quot;url&quot;:&quot;https:\\\/\\\/naturecantonsdelest.ca\\\/nce\\\/wp-content\\\/uploads\\\/2022\\\/06\\\/bg-projet-johnville.jpg&quot;}],&quot;background_slideshow_loop&quot;:&quot;yes&quot;,&quot;background_slideshow_slide_duration&quot;:5000,&quot;background_slideshow_slide_transition&quot;:&quot;fade&quot;,&quot;background_slideshow_transition_duration&quot;:500}\">\n\t\t\t\t\t\t\t<div class=\"elementor-background-overlay\"><\/div>\n\t\t\t\t\t\t\t<div class=\"elementor-container elementor-column-gap-no\">\n\t\t\t\t\t<div class=\"elementor-column elementor-col-100 elementor-top-column elementor-element elementor-element-04150c6\" data-id=\"04150c6\" data-element_type=\"column\">\n\t\t\t<div class=\"elementor-widget-wrap elementor-element-populated\">\n\t\t\t\t\t\t<div class=\"elementor-element elementor-element-dbf996c elementor-widget elementor-widget-text-editor\" data-id=\"dbf996c\" data-element_type=\"widget\" data-widget_type=\"text-editor.default\">\n\t\t\t\t<div class=\"elementor-widget-container\">\n\t\t\t\t\t\t\t\t\t<p>DISCOVER OUR VARIOUS<\/p>\t\t\t\t\t\t\t\t<\/div>\n\t\t\t\t<\/div>\n\t\t\t\t<div class=\"elementor-element elementor-element-0e0b7c3 elementor-widget elementor-widget-heading\" data-id=\"0e0b7c3\" data-element_type=\"widget\" data-widget_type=\"heading.default\">\n\t\t\t\t<div class=\"elementor-widget-container\">\n\t\t\t\t\t<h2 class=\"elementor-heading-title elementor-size-default\"><a href=\"https:\/\/naturecantonsdelest.ca\/nce\/conservation-projects\/\">CONSERVATION PROJECTS<\/a><\/h2>\t\t\t\t<\/div>\n\t\t\t\t<\/div>\n\t\t\t\t\t<\/div>\n\t\t<\/div>\n\t\t\t\t\t<\/div>\n\t\t<\/section>\n\t\t\t\t<\/div>\n\t\t","protected":false},"excerpt":{"rendered":"<p>OURORGANIZATION MISSION AND EXPERTISE The mission of Nature Eastern Townships (NET) is to protect the natural heritage of the Eastern Townships for the benefit of present and futur generations. Values NET&rsquo;s mission is expressed through the values that are at the heart of all its projects and actions. Significant value of biodiversity and ecosystems Primacy [&hellip;]<\/p>\n","protected":false},"author":2,"featured_media":8,"parent":0,"menu_order":0,"comment_status":"closed","ping_status":"closed","template":"elementor_header_footer","meta":{"_monsterinsights_skip_tracking":false,"_monsterinsights_sitenote_active":false,"_monsterinsights_sitenote_note":"","_monsterinsights_sitenote_category":0,"footnotes":""},"aioseo_notices":[],"_links":{"self":[{"href":"https:\/\/naturecantonsdelest.ca\/nce\/wp-json\/wp\/v2\/pages\/796"}],"collection":[{"href":"https:\/\/naturecantonsdelest.ca\/nce\/wp-json\/wp\/v2\/pages"}],"about":[{"href":"https:\/\/naturecantonsdelest.ca\/nce\/wp-json\/wp\/v2\/types\/page"}],"author":[{"embeddable":true,"href":"https:\/\/naturecantonsdelest.ca\/nce\/wp-json\/wp\/v2\/users\/2"}],"replies":[{"embeddable":true,"href":"https:\/\/naturecantonsdelest.ca\/nce\/wp-json\/wp\/v2\/comments?post=796"}],"version-history":[{"count":18,"href":"https:\/\/naturecantonsdelest.ca\/nce\/wp-json\/wp\/v2\/pages\/796\/revisions"}],"predecessor-version":[{"id":1434,"href":"https:\/\/naturecantonsdelest.ca\/nce\/wp-json\/wp\/v2\/pages\/796\/revisions\/1434"}],"wp:featuredmedia":[{"embeddable":true,"href":"https:\/\/naturecantonsdelest.ca\/nce\/wp-json\/wp\/v2\/media\/8"}],"wp:attachment":[{"href":"https:\/\/naturecantonsdelest.ca\/nce\/wp-json\/wp\/v2\/media?parent=796"}],"curies":[{"name":"wp","href":"https:\/\/api.w.org\/{rel}","templated":true}]}}